{"id":518900,"date":"2025-07-10T04:32:35","date_gmt":"2025-07-10T04:32:35","guid":{"rendered":"https:\/\/solfashionsapataria.pt\/produto\/sapato-de-sro-35-42\/"},"modified":"2026-04-16T02:45:50","modified_gmt":"2026-04-16T02:45:50","slug":"sapato-de-sro-35-42","status":"publish","type":"product","link":"https:\/\/solfashionsapataria.pt\/en\/product\/sapato-de-sro-35-42\/","title":{"rendered":"Sapato de Sr\u00ba 35\/42"},"content":{"rendered":"","protected":false},"excerpt":{"rendered":"","protected":false},"featured_media":518885,"template":"","meta":[],"product_cat":[149],"product_tag":[],"productos_marcas":[434],"class_list":{"0":"post-518900","1":"product","2":"type-product","3":"status-publish","4":"has-post-thumbnail","6":"product_cat-womens-shoes","7":"productos_marcas-pupilos","9":"first","10":"instock","11":"shipping-taxable","12":"purchasable","13":"product-type-variable"},"acf":[],"yoast_head":"<!-- This site is optimized with the Yoast SEO plugin v21.3 - https:\/\/yoast.com\/wordpress\/plugins\/seo\/ -->\n<title>Sapato de Sr\u00ba 35\/42 - Solfashion Sapataria - Cal\u00e7ado e acess\u00f3rios nos A\u00e7ores<\/title>\n<meta name=\"robots\" content=\"index, follow, max-snippet:-1, max-image-preview:large, max-video-preview:-1\" \/>\n<link rel=\"canonical\" href=\"https:\/\/solfashionsapataria.pt\/en\/product\/sapato-de-sro-35-42\/\" \/>\n<meta property=\"og:locale\" content=\"en_US\" \/>\n<meta property=\"og:type\" content=\"article\" \/>\n<meta property=\"og:title\" content=\"Sapato de Sr\u00ba 35\/42 - Solfashion Sapataria - Cal\u00e7ado e acess\u00f3rios nos A\u00e7ores\" \/>\n<meta property=\"og:url\" content=\"https:\/\/solfashionsapataria.pt\/en\/product\/sapato-de-sro-35-42\/\" \/>\n<meta property=\"og:site_name\" content=\"Solfashion Sapataria - Cal\u00e7ado e acess\u00f3rios nos A\u00e7ores\" \/>\n<meta property=\"article:modified_time\" content=\"2026-04-16T02:45:50+00:00\" \/>\n<meta property=\"og:image\" content=\"https:\/\/solfashionsapataria.pt\/wp-content\/uploads\/2025\/07\/22222123002222-8415-azul.jpg\" \/>\n\t<meta property=\"og:image:width\" content=\"2400\" \/>\n\t<meta property=\"og:image:height\" content=\"1800\" \/>\n\t<meta property=\"og:image:type\" content=\"image\/jpeg\" \/>\n<meta name=\"twitter:card\" content=\"summary_large_image\" \/>\n<script type=\"application\/ld+json\" class=\"yoast-schema-graph\">{\"@context\":\"https:\/\/schema.org\",\"@graph\":[{\"@type\":\"WebPage\",\"@id\":\"https:\/\/solfashionsapataria.pt\/en\/product\/sapato-de-sro-35-42\/\",\"url\":\"https:\/\/solfashionsapataria.pt\/en\/product\/sapato-de-sro-35-42\/\",\"name\":\"Sapato de Sr\u00ba 35\/42 - Solfashion Sapataria - Cal\u00e7ado e acess\u00f3rios nos A\u00e7ores\",\"isPartOf\":{\"@id\":\"https:\/\/solfashionsapataria.pt\/#website\"},\"datePublished\":\"2025-07-10T04:32:35+00:00\",\"dateModified\":\"2026-04-16T02:45:50+00:00\",\"breadcrumb\":{\"@id\":\"https:\/\/solfashionsapataria.pt\/en\/product\/sapato-de-sro-35-42\/#breadcrumb\"},\"inLanguage\":\"en-US\",\"potentialAction\":[{\"@type\":\"ReadAction\",\"target\":[\"https:\/\/solfashionsapataria.pt\/en\/product\/sapato-de-sro-35-42\/\"]}]},{\"@type\":\"BreadcrumbList\",\"@id\":\"https:\/\/solfashionsapataria.pt\/en\/product\/sapato-de-sro-35-42\/#breadcrumb\",\"itemListElement\":[{\"@type\":\"ListItem\",\"position\":1,\"name\":\"Home\",\"item\":\"https:\/\/solfashionsapataria.pt\/en\/\"},{\"@type\":\"ListItem\",\"position\":2,\"name\":\"Online Shop\",\"item\":\"https:\/\/solfashionsapataria.pt\/en\/online-shop\/\"},{\"@type\":\"ListItem\",\"position\":3,\"name\":\"Sapato de Sr\u00ba 35\/42\"}]},{\"@type\":\"WebSite\",\"@id\":\"https:\/\/solfashionsapataria.pt\/#website\",\"url\":\"https:\/\/solfashionsapataria.pt\/\",\"name\":\"Solfashion Sapataria - Cal\u00e7ado e acess\u00f3rios nos A\u00e7ores\",\"description\":\"Shoe and acessories sales in Ponta Delgada, Azores\",\"potentialAction\":[{\"@type\":\"SearchAction\",\"target\":{\"@type\":\"EntryPoint\",\"urlTemplate\":\"https:\/\/solfashionsapataria.pt\/?s={search_term_string}\"},\"query-input\":\"required name=search_term_string\"}],\"inLanguage\":\"en-US\"}]}<\/script>\n<!-- \/ Yoast SEO plugin. -->","yoast_head_json":{"title":"Sapato de Sr\u00ba 35\/42 - Solfashion Sapataria - Cal\u00e7ado e acess\u00f3rios nos A\u00e7ores","robots":{"index":"index","follow":"follow","max-snippet":"max-snippet:-1","max-image-preview":"max-image-preview:large","max-video-preview":"max-video-preview:-1"},"canonical":"https:\/\/solfashionsapataria.pt\/en\/product\/sapato-de-sro-35-42\/","og_locale":"en_US","og_type":"article","og_title":"Sapato de Sr\u00ba 35\/42 - Solfashion Sapataria - Cal\u00e7ado e acess\u00f3rios nos A\u00e7ores","og_url":"https:\/\/solfashionsapataria.pt\/en\/product\/sapato-de-sro-35-42\/","og_site_name":"Solfashion Sapataria - Cal\u00e7ado e acess\u00f3rios nos A\u00e7ores","article_modified_time":"2026-04-16T02:45:50+00:00","og_image":[{"width":2400,"height":1800,"url":"https:\/\/solfashionsapataria.pt\/wp-content\/uploads\/2025\/07\/22222123002222-8415-azul.jpg","type":"image\/jpeg"}],"twitter_card":"summary_large_image","schema":{"@context":"https:\/\/schema.org","@graph":[{"@type":"WebPage","@id":"https:\/\/solfashionsapataria.pt\/en\/product\/sapato-de-sro-35-42\/","url":"https:\/\/solfashionsapataria.pt\/en\/product\/sapato-de-sro-35-42\/","name":"Sapato de Sr\u00ba 35\/42 - Solfashion Sapataria - Cal\u00e7ado e acess\u00f3rios nos A\u00e7ores","isPartOf":{"@id":"https:\/\/solfashionsapataria.pt\/#website"},"datePublished":"2025-07-10T04:32:35+00:00","dateModified":"2026-04-16T02:45:50+00:00","breadcrumb":{"@id":"https:\/\/solfashionsapataria.pt\/en\/product\/sapato-de-sro-35-42\/#breadcrumb"},"inLanguage":"en-US","potentialAction":[{"@type":"ReadAction","target":["https:\/\/solfashionsapataria.pt\/en\/product\/sapato-de-sro-35-42\/"]}]},{"@type":"BreadcrumbList","@id":"https:\/\/solfashionsapataria.pt\/en\/product\/sapato-de-sro-35-42\/#breadcrumb","itemListElement":[{"@type":"ListItem","position":1,"name":"Home","item":"https:\/\/solfashionsapataria.pt\/en\/"},{"@type":"ListItem","position":2,"name":"Online Shop","item":"https:\/\/solfashionsapataria.pt\/en\/online-shop\/"},{"@type":"ListItem","position":3,"name":"Sapato de Sr\u00ba 35\/42"}]},{"@type":"WebSite","@id":"https:\/\/solfashionsapataria.pt\/#website","url":"https:\/\/solfashionsapataria.pt\/","name":"Solfashion Sapataria - Cal\u00e7ado e acess\u00f3rios nos A\u00e7ores","description":"Shoe and acessories sales in Ponta Delgada, Azores","potentialAction":[{"@type":"SearchAction","target":{"@type":"EntryPoint","urlTemplate":"https:\/\/solfashionsapataria.pt\/?s={search_term_string}"},"query-input":"required name=search_term_string"}],"inLanguage":"en-US"}]}},"_links":{"self":[{"href":"https:\/\/solfashionsapataria.pt\/en\/wp-json\/wp\/v2\/product\/518900","targetHints":{"allow":["GET"]}}],"collection":[{"href":"https:\/\/solfashionsapataria.pt\/en\/wp-json\/wp\/v2\/product"}],"about":[{"href":"https:\/\/solfashionsapataria.pt\/en\/wp-json\/wp\/v2\/types\/product"}],"wp:featuredmedia":[{"embeddable":true,"href":"https:\/\/solfashionsapataria.pt\/en\/wp-json\/wp\/v2\/media\/518885"}],"wp:attachment":[{"href":"https:\/\/solfashionsapataria.pt\/en\/wp-json\/wp\/v2\/media?parent=518900"}],"wp:term":[{"taxonomy":"product_cat","embeddable":true,"href":"https:\/\/solfashionsapataria.pt\/en\/wp-json\/wp\/v2\/product_cat?post=518900"},{"taxonomy":"product_tag","embeddable":true,"href":"https:\/\/solfashionsapataria.pt\/en\/wp-json\/wp\/v2\/product_tag?post=518900"},{"taxonomy":"productos_marcas","embeddable":true,"href":"https:\/\/solfashionsapataria.pt\/en\/wp-json\/wp\/v2\/productos_marcas?post=518900"}],"curies":[{"name":"wp","href":"https:\/\/api.w.org\/{rel}","templated":true}]}}