{"id":778930,"date":"2026-03-31T03:52:16","date_gmt":"2026-03-31T03:52:16","guid":{"rendered":"https:\/\/solfashionsapataria.pt\/produto\/bota-sr-a-cano-alto-36-40\/"},"modified":"2026-04-18T03:52:40","modified_gmt":"2026-04-18T03:52:40","slug":"bota-sr-a-cano-alto-36-40","status":"publish","type":"product","link":"https:\/\/solfashionsapataria.pt\/en\/product\/bota-sr-a-cano-alto-36-40\/","title":{"rendered":"Bota Sr.\u00aa Cano Alto 36\/40"},"content":{"rendered":"","protected":false},"excerpt":{"rendered":"","protected":false},"featured_media":778918,"template":"","meta":[],"product_cat":[149],"product_tag":[],"productos_marcas":[369],"class_list":{"0":"post-778930","1":"product","2":"type-product","3":"status-publish","4":"has-post-thumbnail","6":"product_cat-womens-shoes","7":"productos_marcas-paula-urban","9":"first","10":"instock","11":"shipping-taxable","12":"product-type-variable"},"acf":[],"yoast_head":"<!-- This site is optimized with the Yoast SEO plugin v21.3 - https:\/\/yoast.com\/wordpress\/plugins\/seo\/ -->\n<title>Bota Sr.\u00aa Cano Alto 36\/40 - Solfashion Sapataria - Cal\u00e7ado e acess\u00f3rios nos A\u00e7ores<\/title>\n<meta name=\"robots\" content=\"index, follow, max-snippet:-1, max-image-preview:large, max-video-preview:-1\" \/>\n<link rel=\"canonical\" href=\"https:\/\/solfashionsapataria.pt\/en\/product\/bota-sr-a-cano-alto-36-40\/\" \/>\n<meta property=\"og:locale\" content=\"en_US\" \/>\n<meta property=\"og:type\" content=\"article\" \/>\n<meta property=\"og:title\" content=\"Bota Sr.\u00aa Cano Alto 36\/40 - Solfashion Sapataria - Cal\u00e7ado e acess\u00f3rios nos A\u00e7ores\" \/>\n<meta property=\"og:url\" content=\"https:\/\/solfashionsapataria.pt\/en\/product\/bota-sr-a-cano-alto-36-40\/\" \/>\n<meta property=\"og:site_name\" content=\"Solfashion Sapataria - Cal\u00e7ado e acess\u00f3rios nos A\u00e7ores\" \/>\n<meta property=\"article:modified_time\" content=\"2026-04-18T03:52:40+00:00\" \/>\n<meta property=\"og:image\" content=\"https:\/\/solfashionsapataria.pt\/wp-content\/uploads\/2026\/03\/2255983000137-14392-castanho-1.jpeg\" \/>\n\t<meta property=\"og:image:width\" content=\"1080\" \/>\n\t<meta property=\"og:image:height\" content=\"1080\" \/>\n\t<meta property=\"og:image:type\" content=\"image\/jpeg\" \/>\n<meta name=\"twitter:card\" content=\"summary_large_image\" \/>\n<script type=\"application\/ld+json\" class=\"yoast-schema-graph\">{\"@context\":\"https:\/\/schema.org\",\"@graph\":[{\"@type\":\"WebPage\",\"@id\":\"https:\/\/solfashionsapataria.pt\/en\/product\/bota-sr-a-cano-alto-36-40\/\",\"url\":\"https:\/\/solfashionsapataria.pt\/en\/product\/bota-sr-a-cano-alto-36-40\/\",\"name\":\"Bota Sr.\u00aa Cano Alto 36\/40 - Solfashion Sapataria - Cal\u00e7ado e acess\u00f3rios nos A\u00e7ores\",\"isPartOf\":{\"@id\":\"https:\/\/solfashionsapataria.pt\/#website\"},\"datePublished\":\"2026-03-31T03:52:16+00:00\",\"dateModified\":\"2026-04-18T03:52:40+00:00\",\"breadcrumb\":{\"@id\":\"https:\/\/solfashionsapataria.pt\/en\/product\/bota-sr-a-cano-alto-36-40\/#breadcrumb\"},\"inLanguage\":\"en-US\",\"potentialAction\":[{\"@type\":\"ReadAction\",\"target\":[\"https:\/\/solfashionsapataria.pt\/en\/product\/bota-sr-a-cano-alto-36-40\/\"]}]},{\"@type\":\"BreadcrumbList\",\"@id\":\"https:\/\/solfashionsapataria.pt\/en\/product\/bota-sr-a-cano-alto-36-40\/#breadcrumb\",\"itemListElement\":[{\"@type\":\"ListItem\",\"position\":1,\"name\":\"Home\",\"item\":\"https:\/\/solfashionsapataria.pt\/en\/\"},{\"@type\":\"ListItem\",\"position\":2,\"name\":\"Online Shop\",\"item\":\"https:\/\/solfashionsapataria.pt\/en\/online-shop\/\"},{\"@type\":\"ListItem\",\"position\":3,\"name\":\"Bota Sr.\u00aa Cano Alto 36\/40\"}]},{\"@type\":\"WebSite\",\"@id\":\"https:\/\/solfashionsapataria.pt\/#website\",\"url\":\"https:\/\/solfashionsapataria.pt\/\",\"name\":\"Solfashion Sapataria - Cal\u00e7ado e acess\u00f3rios nos A\u00e7ores\",\"description\":\"Shoe and acessories sales in Ponta Delgada, Azores\",\"potentialAction\":[{\"@type\":\"SearchAction\",\"target\":{\"@type\":\"EntryPoint\",\"urlTemplate\":\"https:\/\/solfashionsapataria.pt\/?s={search_term_string}\"},\"query-input\":\"required name=search_term_string\"}],\"inLanguage\":\"en-US\"}]}<\/script>\n<!-- \/ Yoast SEO plugin. -->","yoast_head_json":{"title":"Bota Sr.\u00aa Cano Alto 36\/40 - Solfashion Sapataria - Cal\u00e7ado e acess\u00f3rios nos A\u00e7ores","robots":{"index":"index","follow":"follow","max-snippet":"max-snippet:-1","max-image-preview":"max-image-preview:large","max-video-preview":"max-video-preview:-1"},"canonical":"https:\/\/solfashionsapataria.pt\/en\/product\/bota-sr-a-cano-alto-36-40\/","og_locale":"en_US","og_type":"article","og_title":"Bota Sr.\u00aa Cano Alto 36\/40 - Solfashion Sapataria - Cal\u00e7ado e acess\u00f3rios nos A\u00e7ores","og_url":"https:\/\/solfashionsapataria.pt\/en\/product\/bota-sr-a-cano-alto-36-40\/","og_site_name":"Solfashion Sapataria - Cal\u00e7ado e acess\u00f3rios nos A\u00e7ores","article_modified_time":"2026-04-18T03:52:40+00:00","og_image":[{"width":1080,"height":1080,"url":"https:\/\/solfashionsapataria.pt\/wp-content\/uploads\/2026\/03\/2255983000137-14392-castanho-1.jpeg","type":"image\/jpeg"}],"twitter_card":"summary_large_image","schema":{"@context":"https:\/\/schema.org","@graph":[{"@type":"WebPage","@id":"https:\/\/solfashionsapataria.pt\/en\/product\/bota-sr-a-cano-alto-36-40\/","url":"https:\/\/solfashionsapataria.pt\/en\/product\/bota-sr-a-cano-alto-36-40\/","name":"Bota Sr.\u00aa Cano Alto 36\/40 - Solfashion Sapataria - Cal\u00e7ado e acess\u00f3rios nos A\u00e7ores","isPartOf":{"@id":"https:\/\/solfashionsapataria.pt\/#website"},"datePublished":"2026-03-31T03:52:16+00:00","dateModified":"2026-04-18T03:52:40+00:00","breadcrumb":{"@id":"https:\/\/solfashionsapataria.pt\/en\/product\/bota-sr-a-cano-alto-36-40\/#breadcrumb"},"inLanguage":"en-US","potentialAction":[{"@type":"ReadAction","target":["https:\/\/solfashionsapataria.pt\/en\/product\/bota-sr-a-cano-alto-36-40\/"]}]},{"@type":"BreadcrumbList","@id":"https:\/\/solfashionsapataria.pt\/en\/product\/bota-sr-a-cano-alto-36-40\/#breadcrumb","itemListElement":[{"@type":"ListItem","position":1,"name":"Home","item":"https:\/\/solfashionsapataria.pt\/en\/"},{"@type":"ListItem","position":2,"name":"Online Shop","item":"https:\/\/solfashionsapataria.pt\/en\/online-shop\/"},{"@type":"ListItem","position":3,"name":"Bota Sr.\u00aa Cano Alto 36\/40"}]},{"@type":"WebSite","@id":"https:\/\/solfashionsapataria.pt\/#website","url":"https:\/\/solfashionsapataria.pt\/","name":"Solfashion Sapataria - Cal\u00e7ado e acess\u00f3rios nos A\u00e7ores","description":"Shoe and acessories sales in Ponta Delgada, Azores","potentialAction":[{"@type":"SearchAction","target":{"@type":"EntryPoint","urlTemplate":"https:\/\/solfashionsapataria.pt\/?s={search_term_string}"},"query-input":"required name=search_term_string"}],"inLanguage":"en-US"}]}},"_links":{"self":[{"href":"https:\/\/solfashionsapataria.pt\/en\/wp-json\/wp\/v2\/product\/778930","targetHints":{"allow":["GET"]}}],"collection":[{"href":"https:\/\/solfashionsapataria.pt\/en\/wp-json\/wp\/v2\/product"}],"about":[{"href":"https:\/\/solfashionsapataria.pt\/en\/wp-json\/wp\/v2\/types\/product"}],"wp:featuredmedia":[{"embeddable":true,"href":"https:\/\/solfashionsapataria.pt\/en\/wp-json\/wp\/v2\/media\/778918"}],"wp:attachment":[{"href":"https:\/\/solfashionsapataria.pt\/en\/wp-json\/wp\/v2\/media?parent=778930"}],"wp:term":[{"taxonomy":"product_cat","embeddable":true,"href":"https:\/\/solfashionsapataria.pt\/en\/wp-json\/wp\/v2\/product_cat?post=778930"},{"taxonomy":"product_tag","embeddable":true,"href":"https:\/\/solfashionsapataria.pt\/en\/wp-json\/wp\/v2\/product_tag?post=778930"},{"taxonomy":"productos_marcas","embeddable":true,"href":"https:\/\/solfashionsapataria.pt\/en\/wp-json\/wp\/v2\/productos_marcas?post=778930"}],"curies":[{"name":"wp","href":"https:\/\/api.w.org\/{rel}","templated":true}]}}