{"id":787831,"date":"2026-04-11T01:55:31","date_gmt":"2026-04-11T01:55:31","guid":{"rendered":"https:\/\/solfashionsapataria.pt\/produto\/chinelo-sr-a-35-40\/"},"modified":"2026-04-16T01:59:44","modified_gmt":"2026-04-16T01:59:44","slug":"chinelo-sr-a-35-40","status":"publish","type":"product","link":"https:\/\/solfashionsapataria.pt\/en\/product\/chinelo-sr-a-35-40\/","title":{"rendered":"Chinelo Sr.\u00aa 35\/40"},"content":{"rendered":"","protected":false},"excerpt":{"rendered":"","protected":false},"featured_media":787806,"template":"","meta":[],"product_cat":[149],"product_tag":[],"productos_marcas":[402],"class_list":{"0":"post-787831","1":"product","2":"type-product","3":"status-publish","4":"has-post-thumbnail","6":"product_cat-womens-shoes","7":"productos_marcas-mysoft","9":"first","10":"instock","11":"shipping-taxable","12":"purchasable","13":"product-type-variable"},"acf":[],"yoast_head":"<!-- This site is optimized with the Yoast SEO plugin v21.3 - https:\/\/yoast.com\/wordpress\/plugins\/seo\/ -->\n<title>Chinelo Sr.\u00aa 35\/40 - Solfashion Sapataria - Cal\u00e7ado e acess\u00f3rios nos A\u00e7ores<\/title>\n<meta name=\"robots\" content=\"index, follow, max-snippet:-1, max-image-preview:large, max-video-preview:-1\" \/>\n<link rel=\"canonical\" href=\"https:\/\/solfashionsapataria.pt\/en\/product\/chinelo-sr-a-35-40\/\" \/>\n<meta property=\"og:locale\" content=\"en_US\" \/>\n<meta property=\"og:type\" content=\"article\" \/>\n<meta property=\"og:title\" content=\"Chinelo Sr.\u00aa 35\/40 - Solfashion Sapataria - Cal\u00e7ado e acess\u00f3rios nos A\u00e7ores\" \/>\n<meta property=\"og:url\" content=\"https:\/\/solfashionsapataria.pt\/en\/product\/chinelo-sr-a-35-40\/\" \/>\n<meta property=\"og:site_name\" content=\"Solfashion Sapataria - Cal\u00e7ado e acess\u00f3rios nos A\u00e7ores\" \/>\n<meta property=\"article:modified_time\" content=\"2026-04-16T01:59:44+00:00\" \/>\n<meta property=\"og:image\" content=\"https:\/\/solfashionsapataria.pt\/wp-content\/uploads\/2026\/04\/12527211456562-25m075-ouro.png\" \/>\n\t<meta property=\"og:image:width\" content=\"1280\" \/>\n\t<meta property=\"og:image:height\" content=\"720\" \/>\n\t<meta property=\"og:image:type\" content=\"image\/png\" \/>\n<meta name=\"twitter:card\" content=\"summary_large_image\" \/>\n<script type=\"application\/ld+json\" class=\"yoast-schema-graph\">{\"@context\":\"https:\/\/schema.org\",\"@graph\":[{\"@type\":\"WebPage\",\"@id\":\"https:\/\/solfashionsapataria.pt\/en\/product\/chinelo-sr-a-35-40\/\",\"url\":\"https:\/\/solfashionsapataria.pt\/en\/product\/chinelo-sr-a-35-40\/\",\"name\":\"Chinelo Sr.\u00aa 35\/40 - Solfashion Sapataria - Cal\u00e7ado e acess\u00f3rios nos A\u00e7ores\",\"isPartOf\":{\"@id\":\"https:\/\/solfashionsapataria.pt\/#website\"},\"datePublished\":\"2026-04-11T01:55:31+00:00\",\"dateModified\":\"2026-04-16T01:59:44+00:00\",\"breadcrumb\":{\"@id\":\"https:\/\/solfashionsapataria.pt\/en\/product\/chinelo-sr-a-35-40\/#breadcrumb\"},\"inLanguage\":\"en-US\",\"potentialAction\":[{\"@type\":\"ReadAction\",\"target\":[\"https:\/\/solfashionsapataria.pt\/en\/product\/chinelo-sr-a-35-40\/\"]}]},{\"@type\":\"BreadcrumbList\",\"@id\":\"https:\/\/solfashionsapataria.pt\/en\/product\/chinelo-sr-a-35-40\/#breadcrumb\",\"itemListElement\":[{\"@type\":\"ListItem\",\"position\":1,\"name\":\"Home\",\"item\":\"https:\/\/solfashionsapataria.pt\/en\/\"},{\"@type\":\"ListItem\",\"position\":2,\"name\":\"Online Shop\",\"item\":\"https:\/\/solfashionsapataria.pt\/en\/online-shop\/\"},{\"@type\":\"ListItem\",\"position\":3,\"name\":\"Chinelo Sr.\u00aa 35\/40\"}]},{\"@type\":\"WebSite\",\"@id\":\"https:\/\/solfashionsapataria.pt\/#website\",\"url\":\"https:\/\/solfashionsapataria.pt\/\",\"name\":\"Solfashion Sapataria - Cal\u00e7ado e acess\u00f3rios nos A\u00e7ores\",\"description\":\"Shoe and acessories sales in Ponta Delgada, Azores\",\"potentialAction\":[{\"@type\":\"SearchAction\",\"target\":{\"@type\":\"EntryPoint\",\"urlTemplate\":\"https:\/\/solfashionsapataria.pt\/?s={search_term_string}\"},\"query-input\":\"required name=search_term_string\"}],\"inLanguage\":\"en-US\"}]}<\/script>\n<!-- \/ Yoast SEO plugin. -->","yoast_head_json":{"title":"Chinelo Sr.\u00aa 35\/40 - Solfashion Sapataria - Cal\u00e7ado e acess\u00f3rios nos A\u00e7ores","robots":{"index":"index","follow":"follow","max-snippet":"max-snippet:-1","max-image-preview":"max-image-preview:large","max-video-preview":"max-video-preview:-1"},"canonical":"https:\/\/solfashionsapataria.pt\/en\/product\/chinelo-sr-a-35-40\/","og_locale":"en_US","og_type":"article","og_title":"Chinelo Sr.\u00aa 35\/40 - Solfashion Sapataria - Cal\u00e7ado e acess\u00f3rios nos A\u00e7ores","og_url":"https:\/\/solfashionsapataria.pt\/en\/product\/chinelo-sr-a-35-40\/","og_site_name":"Solfashion Sapataria - Cal\u00e7ado e acess\u00f3rios nos A\u00e7ores","article_modified_time":"2026-04-16T01:59:44+00:00","og_image":[{"width":1280,"height":720,"url":"https:\/\/solfashionsapataria.pt\/wp-content\/uploads\/2026\/04\/12527211456562-25m075-ouro.png","type":"image\/png"}],"twitter_card":"summary_large_image","schema":{"@context":"https:\/\/schema.org","@graph":[{"@type":"WebPage","@id":"https:\/\/solfashionsapataria.pt\/en\/product\/chinelo-sr-a-35-40\/","url":"https:\/\/solfashionsapataria.pt\/en\/product\/chinelo-sr-a-35-40\/","name":"Chinelo Sr.\u00aa 35\/40 - Solfashion Sapataria - Cal\u00e7ado e acess\u00f3rios nos A\u00e7ores","isPartOf":{"@id":"https:\/\/solfashionsapataria.pt\/#website"},"datePublished":"2026-04-11T01:55:31+00:00","dateModified":"2026-04-16T01:59:44+00:00","breadcrumb":{"@id":"https:\/\/solfashionsapataria.pt\/en\/product\/chinelo-sr-a-35-40\/#breadcrumb"},"inLanguage":"en-US","potentialAction":[{"@type":"ReadAction","target":["https:\/\/solfashionsapataria.pt\/en\/product\/chinelo-sr-a-35-40\/"]}]},{"@type":"BreadcrumbList","@id":"https:\/\/solfashionsapataria.pt\/en\/product\/chinelo-sr-a-35-40\/#breadcrumb","itemListElement":[{"@type":"ListItem","position":1,"name":"Home","item":"https:\/\/solfashionsapataria.pt\/en\/"},{"@type":"ListItem","position":2,"name":"Online Shop","item":"https:\/\/solfashionsapataria.pt\/en\/online-shop\/"},{"@type":"ListItem","position":3,"name":"Chinelo Sr.\u00aa 35\/40"}]},{"@type":"WebSite","@id":"https:\/\/solfashionsapataria.pt\/#website","url":"https:\/\/solfashionsapataria.pt\/","name":"Solfashion Sapataria - Cal\u00e7ado e acess\u00f3rios nos A\u00e7ores","description":"Shoe and acessories sales in Ponta Delgada, Azores","potentialAction":[{"@type":"SearchAction","target":{"@type":"EntryPoint","urlTemplate":"https:\/\/solfashionsapataria.pt\/?s={search_term_string}"},"query-input":"required name=search_term_string"}],"inLanguage":"en-US"}]}},"_links":{"self":[{"href":"https:\/\/solfashionsapataria.pt\/en\/wp-json\/wp\/v2\/product\/787831","targetHints":{"allow":["GET"]}}],"collection":[{"href":"https:\/\/solfashionsapataria.pt\/en\/wp-json\/wp\/v2\/product"}],"about":[{"href":"https:\/\/solfashionsapataria.pt\/en\/wp-json\/wp\/v2\/types\/product"}],"wp:featuredmedia":[{"embeddable":true,"href":"https:\/\/solfashionsapataria.pt\/en\/wp-json\/wp\/v2\/media\/787806"}],"wp:attachment":[{"href":"https:\/\/solfashionsapataria.pt\/en\/wp-json\/wp\/v2\/media?parent=787831"}],"wp:term":[{"taxonomy":"product_cat","embeddable":true,"href":"https:\/\/solfashionsapataria.pt\/en\/wp-json\/wp\/v2\/product_cat?post=787831"},{"taxonomy":"product_tag","embeddable":true,"href":"https:\/\/solfashionsapataria.pt\/en\/wp-json\/wp\/v2\/product_tag?post=787831"},{"taxonomy":"productos_marcas","embeddable":true,"href":"https:\/\/solfashionsapataria.pt\/en\/wp-json\/wp\/v2\/productos_marcas?post=787831"}],"curies":[{"name":"wp","href":"https:\/\/api.w.org\/{rel}","templated":true}]}}