{"id":53,"date":"2022-10-20T11:12:11","date_gmt":"2022-10-20T11:12:11","guid":{"rendered":"https:\/\/solfashionsapataria.pt\/carrito\/"},"modified":"2023-03-16T20:44:04","modified_gmt":"2023-03-16T20:44:04","slug":"carrito-de-compra","status":"publish","type":"page","link":"https:\/\/solfashionsapataria.pt\/es\/carrito-de-compra\/","title":{"rendered":"Carrito"},"content":{"rendered":"\n","protected":false},"excerpt":{"rendered":"","protected":false},"author":1,"featured_media":0,"parent":0,"menu_order":0,"comment_status":"closed","ping_status":"closed","template":"template-wc-carrinho.php","meta":{"footnotes":""},"class_list":["post-53","page","type-page","status-publish","hentry"],"acf":[],"yoast_head":"<!-- This site is optimized with the Yoast SEO plugin v21.3 - https:\/\/yoast.com\/wordpress\/plugins\/seo\/ -->\n<title>Carrito de Compra | Solfashion - Zapater\u00eda et Accesorios, Azores<\/title>\n<meta name=\"description\" content=\"Encuentre el zapato o el accesorio ideal para usted o incluso para una oferta especial y a\u00f1\u00e1dalo al carrito de compra. \u00a1Reciba en su casa!\" \/>\n<meta name=\"robots\" content=\"index, follow, max-snippet:-1, max-image-preview:large, max-video-preview:-1\" \/>\n<link rel=\"canonical\" href=\"https:\/\/solfashionsapataria.pt\/es\/carrito-de-compra\/\" \/>\n<meta property=\"og:locale\" content=\"es_ES\" \/>\n<meta property=\"og:type\" content=\"article\" \/>\n<meta property=\"og:title\" content=\"Carrito de Compra | Solfashion - Zapater\u00eda et Accesorios, Azores\" \/>\n<meta property=\"og:description\" content=\"Encuentre el zapato o el accesorio ideal para usted o incluso para una oferta especial y a\u00f1\u00e1dalo al carrito de compra. \u00a1Reciba en su casa!\" \/>\n<meta property=\"og:url\" content=\"https:\/\/solfashionsapataria.pt\/es\/carrito-de-compra\/\" \/>\n<meta property=\"og:site_name\" content=\"Solfashion Sapataria - Cal\u00e7ado e acess\u00f3rios nos A\u00e7ores\" \/>\n<meta property=\"article:modified_time\" content=\"2023-03-16T20:44:04+00:00\" \/>\n<meta name=\"twitter:card\" content=\"summary_large_image\" \/>\n<meta name=\"twitter:label1\" content=\"Tiempo de lectura\" \/>\n\t<meta name=\"twitter:data1\" content=\"1 minuto\" \/>\n<script type=\"application\/ld+json\" class=\"yoast-schema-graph\">{\"@context\":\"https:\/\/schema.org\",\"@graph\":[{\"@type\":\"WebPage\",\"@id\":\"https:\/\/solfashionsapataria.pt\/es\/carrito-de-compra\/\",\"url\":\"https:\/\/solfashionsapataria.pt\/es\/carrito-de-compra\/\",\"name\":\"Carrito de Compra | Solfashion - Zapater\u00eda et Accesorios, Azores\",\"isPartOf\":{\"@id\":\"https:\/\/solfashionsapataria.pt\/#website\"},\"datePublished\":\"2022-10-20T11:12:11+00:00\",\"dateModified\":\"2023-03-16T20:44:04+00:00\",\"description\":\"Encuentre el zapato o el accesorio ideal para usted o incluso para una oferta especial y a\u00f1\u00e1dalo al carrito de compra. \u00a1Reciba en su casa!\",\"breadcrumb\":{\"@id\":\"https:\/\/solfashionsapataria.pt\/es\/carrito-de-compra\/#breadcrumb\"},\"inLanguage\":\"es\",\"potentialAction\":[{\"@type\":\"ReadAction\",\"target\":[\"https:\/\/solfashionsapataria.pt\/es\/carrito-de-compra\/\"]}]},{\"@type\":\"BreadcrumbList\",\"@id\":\"https:\/\/solfashionsapataria.pt\/es\/carrito-de-compra\/#breadcrumb\",\"itemListElement\":[{\"@type\":\"ListItem\",\"position\":1,\"name\":\"Home\",\"item\":\"https:\/\/solfashionsapataria.pt\/es\/\"},{\"@type\":\"ListItem\",\"position\":2,\"name\":\"Carrito\"}]},{\"@type\":\"WebSite\",\"@id\":\"https:\/\/solfashionsapataria.pt\/#website\",\"url\":\"https:\/\/solfashionsapataria.pt\/\",\"name\":\"Solfashion Sapataria - Cal\u00e7ado e acess\u00f3rios nos A\u00e7ores\",\"description\":\"Venta de zapatos y accesorios en Ponta Delgada, Azores\",\"potentialAction\":[{\"@type\":\"SearchAction\",\"target\":{\"@type\":\"EntryPoint\",\"urlTemplate\":\"https:\/\/solfashionsapataria.pt\/?s={search_term_string}\"},\"query-input\":\"required name=search_term_string\"}],\"inLanguage\":\"es\"}]}<\/script>\n<!-- \/ Yoast SEO plugin. -->","yoast_head_json":{"title":"Carrito de Compra | Solfashion - Zapater\u00eda et Accesorios, Azores","description":"Encuentre el zapato o el accesorio ideal para usted o incluso para una oferta especial y a\u00f1\u00e1dalo al carrito de compra. \u00a1Reciba en su casa!","robots":{"index":"index","follow":"follow","max-snippet":"max-snippet:-1","max-image-preview":"max-image-preview:large","max-video-preview":"max-video-preview:-1"},"canonical":"https:\/\/solfashionsapataria.pt\/es\/carrito-de-compra\/","og_locale":"es_ES","og_type":"article","og_title":"Carrito de Compra | Solfashion - Zapater\u00eda et Accesorios, Azores","og_description":"Encuentre el zapato o el accesorio ideal para usted o incluso para una oferta especial y a\u00f1\u00e1dalo al carrito de compra. \u00a1Reciba en su casa!","og_url":"https:\/\/solfashionsapataria.pt\/es\/carrito-de-compra\/","og_site_name":"Solfashion Sapataria - Cal\u00e7ado e acess\u00f3rios nos A\u00e7ores","article_modified_time":"2023-03-16T20:44:04+00:00","twitter_card":"summary_large_image","twitter_misc":{"Tiempo de lectura":"1 minuto"},"schema":{"@context":"https:\/\/schema.org","@graph":[{"@type":"WebPage","@id":"https:\/\/solfashionsapataria.pt\/es\/carrito-de-compra\/","url":"https:\/\/solfashionsapataria.pt\/es\/carrito-de-compra\/","name":"Carrito de Compra | Solfashion - Zapater\u00eda et Accesorios, Azores","isPartOf":{"@id":"https:\/\/solfashionsapataria.pt\/#website"},"datePublished":"2022-10-20T11:12:11+00:00","dateModified":"2023-03-16T20:44:04+00:00","description":"Encuentre el zapato o el accesorio ideal para usted o incluso para una oferta especial y a\u00f1\u00e1dalo al carrito de compra. \u00a1Reciba en su casa!","breadcrumb":{"@id":"https:\/\/solfashionsapataria.pt\/es\/carrito-de-compra\/#breadcrumb"},"inLanguage":"es","potentialAction":[{"@type":"ReadAction","target":["https:\/\/solfashionsapataria.pt\/es\/carrito-de-compra\/"]}]},{"@type":"BreadcrumbList","@id":"https:\/\/solfashionsapataria.pt\/es\/carrito-de-compra\/#breadcrumb","itemListElement":[{"@type":"ListItem","position":1,"name":"Home","item":"https:\/\/solfashionsapataria.pt\/es\/"},{"@type":"ListItem","position":2,"name":"Carrito"}]},{"@type":"WebSite","@id":"https:\/\/solfashionsapataria.pt\/#website","url":"https:\/\/solfashionsapataria.pt\/","name":"Solfashion Sapataria - Cal\u00e7ado e acess\u00f3rios nos A\u00e7ores","description":"Venta de zapatos y accesorios en Ponta Delgada, Azores","potentialAction":[{"@type":"SearchAction","target":{"@type":"EntryPoint","urlTemplate":"https:\/\/solfashionsapataria.pt\/?s={search_term_string}"},"query-input":"required name=search_term_string"}],"inLanguage":"es"}]}},"_links":{"self":[{"href":"https:\/\/solfashionsapataria.pt\/es\/wp-json\/wp\/v2\/pages\/53","targetHints":{"allow":["GET"]}}],"collection":[{"href":"https:\/\/solfashionsapataria.pt\/es\/wp-json\/wp\/v2\/pages"}],"about":[{"href":"https:\/\/solfashionsapataria.pt\/es\/wp-json\/wp\/v2\/types\/page"}],"author":[{"embeddable":true,"href":"https:\/\/solfashionsapataria.pt\/es\/wp-json\/wp\/v2\/users\/1"}],"replies":[{"embeddable":true,"href":"https:\/\/solfashionsapataria.pt\/es\/wp-json\/wp\/v2\/comments?post=53"}],"version-history":[{"count":1,"href":"https:\/\/solfashionsapataria.pt\/es\/wp-json\/wp\/v2\/pages\/53\/revisions"}],"predecessor-version":[{"id":16865,"href":"https:\/\/solfashionsapataria.pt\/es\/wp-json\/wp\/v2\/pages\/53\/revisions\/16865"}],"wp:attachment":[{"href":"https:\/\/solfashionsapataria.pt\/es\/wp-json\/wp\/v2\/media?parent=53"}],"curies":[{"name":"wp","href":"https:\/\/api.w.org\/{rel}","templated":true}]}}