{"id":55,"date":"2022-10-20T11:12:11","date_gmt":"2022-10-20T11:12:11","guid":{"rendered":"https:\/\/solfashionsapataria.pt\/mi-cuenta\/"},"modified":"2023-03-17T11:51:00","modified_gmt":"2023-03-17T11:51:00","slug":"mi-cuenta-tienda-online-zapatillas","status":"publish","type":"page","link":"https:\/\/solfashionsapataria.pt\/es\/mi-cuenta-tienda-online-zapatillas\/","title":{"rendered":"Mi cuenta"},"content":{"rendered":"<div class=\"woocommerce\"><\/div>\n","protected":false},"excerpt":{"rendered":"","protected":false},"author":1,"featured_media":0,"parent":0,"menu_order":0,"comment_status":"closed","ping_status":"closed","template":"template-wc-minha-conta.php","meta":{"footnotes":""},"class_list":["post-55","page","type-page","status-publish","hentry"],"acf":[],"yoast_head":"<!-- This site is optimized with the Yoast SEO plugin v21.3 - https:\/\/yoast.com\/wordpress\/plugins\/seo\/ -->\n<title>Tienda Online de Zapatillas y Accesorios | Mi Cuenta - Solfashion<\/title>\n<meta name=\"description\" content=\"Cree una cuenta en nuestro tienda online sus zapatillas preferidas y mantenga seguros todos sus pedidos. \u00a1Ahora compre su calzado ideal!\" \/>\n<meta name=\"robots\" content=\"index, follow, max-snippet:-1, max-image-preview:large, max-video-preview:-1\" \/>\n<link rel=\"canonical\" href=\"https:\/\/solfashionsapataria.pt\/es\/mi-cuenta-tienda-online-zapatillas\/\" \/>\n<meta property=\"og:locale\" content=\"es_ES\" \/>\n<meta property=\"og:type\" content=\"article\" \/>\n<meta property=\"og:title\" content=\"Tienda Online de Zapatillas y Accesorios | Mi Cuenta - Solfashion\" \/>\n<meta property=\"og:description\" content=\"Cree una cuenta en nuestro tienda online sus zapatillas preferidas y mantenga seguros todos sus pedidos. \u00a1Ahora compre su calzado ideal!\" \/>\n<meta property=\"og:url\" content=\"https:\/\/solfashionsapataria.pt\/es\/mi-cuenta-tienda-online-zapatillas\/\" \/>\n<meta property=\"og:site_name\" content=\"Solfashion Sapataria - Cal\u00e7ado e acess\u00f3rios nos A\u00e7ores\" \/>\n<meta property=\"article:modified_time\" content=\"2023-03-17T11:51:00+00:00\" \/>\n<meta name=\"twitter:card\" content=\"summary_large_image\" \/>\n<meta name=\"twitter:label1\" content=\"Tiempo de lectura\" \/>\n\t<meta name=\"twitter:data1\" content=\"1 minuto\" \/>\n<script type=\"application\/ld+json\" class=\"yoast-schema-graph\">{\"@context\":\"https:\/\/schema.org\",\"@graph\":[{\"@type\":\"WebPage\",\"@id\":\"https:\/\/solfashionsapataria.pt\/es\/mi-cuenta-tienda-online-zapatillas\/\",\"url\":\"https:\/\/solfashionsapataria.pt\/es\/mi-cuenta-tienda-online-zapatillas\/\",\"name\":\"Tienda Online de Zapatillas y Accesorios | Mi Cuenta - Solfashion\",\"isPartOf\":{\"@id\":\"https:\/\/solfashionsapataria.pt\/#website\"},\"datePublished\":\"2022-10-20T11:12:11+00:00\",\"dateModified\":\"2023-03-17T11:51:00+00:00\",\"description\":\"Cree una cuenta en nuestro tienda online sus zapatillas preferidas y mantenga seguros todos sus pedidos. \u00a1Ahora compre su calzado ideal!\",\"breadcrumb\":{\"@id\":\"https:\/\/solfashionsapataria.pt\/es\/mi-cuenta-tienda-online-zapatillas\/#breadcrumb\"},\"inLanguage\":\"es\",\"potentialAction\":[{\"@type\":\"ReadAction\",\"target\":[\"https:\/\/solfashionsapataria.pt\/es\/mi-cuenta-tienda-online-zapatillas\/\"]}]},{\"@type\":\"BreadcrumbList\",\"@id\":\"https:\/\/solfashionsapataria.pt\/es\/mi-cuenta-tienda-online-zapatillas\/#breadcrumb\",\"itemListElement\":[{\"@type\":\"ListItem\",\"position\":1,\"name\":\"Home\",\"item\":\"https:\/\/solfashionsapataria.pt\/es\/\"},{\"@type\":\"ListItem\",\"position\":2,\"name\":\"Mi cuenta\"}]},{\"@type\":\"WebSite\",\"@id\":\"https:\/\/solfashionsapataria.pt\/#website\",\"url\":\"https:\/\/solfashionsapataria.pt\/\",\"name\":\"Solfashion Sapataria - Cal\u00e7ado e acess\u00f3rios nos A\u00e7ores\",\"description\":\"Venta de zapatos y accesorios en Ponta Delgada, Azores\",\"potentialAction\":[{\"@type\":\"SearchAction\",\"target\":{\"@type\":\"EntryPoint\",\"urlTemplate\":\"https:\/\/solfashionsapataria.pt\/?s={search_term_string}\"},\"query-input\":\"required name=search_term_string\"}],\"inLanguage\":\"es\"}]}<\/script>\n<!-- \/ Yoast SEO plugin. -->","yoast_head_json":{"title":"Tienda Online de Zapatillas y Accesorios | Mi Cuenta - Solfashion","description":"Cree una cuenta en nuestro tienda online sus zapatillas preferidas y mantenga seguros todos sus pedidos. \u00a1Ahora compre su calzado ideal!","robots":{"index":"index","follow":"follow","max-snippet":"max-snippet:-1","max-image-preview":"max-image-preview:large","max-video-preview":"max-video-preview:-1"},"canonical":"https:\/\/solfashionsapataria.pt\/es\/mi-cuenta-tienda-online-zapatillas\/","og_locale":"es_ES","og_type":"article","og_title":"Tienda Online de Zapatillas y Accesorios | Mi Cuenta - Solfashion","og_description":"Cree una cuenta en nuestro tienda online sus zapatillas preferidas y mantenga seguros todos sus pedidos. \u00a1Ahora compre su calzado ideal!","og_url":"https:\/\/solfashionsapataria.pt\/es\/mi-cuenta-tienda-online-zapatillas\/","og_site_name":"Solfashion Sapataria - Cal\u00e7ado e acess\u00f3rios nos A\u00e7ores","article_modified_time":"2023-03-17T11:51:00+00:00","twitter_card":"summary_large_image","twitter_misc":{"Tiempo de lectura":"1 minuto"},"schema":{"@context":"https:\/\/schema.org","@graph":[{"@type":"WebPage","@id":"https:\/\/solfashionsapataria.pt\/es\/mi-cuenta-tienda-online-zapatillas\/","url":"https:\/\/solfashionsapataria.pt\/es\/mi-cuenta-tienda-online-zapatillas\/","name":"Tienda Online de Zapatillas y Accesorios | Mi Cuenta - Solfashion","isPartOf":{"@id":"https:\/\/solfashionsapataria.pt\/#website"},"datePublished":"2022-10-20T11:12:11+00:00","dateModified":"2023-03-17T11:51:00+00:00","description":"Cree una cuenta en nuestro tienda online sus zapatillas preferidas y mantenga seguros todos sus pedidos. \u00a1Ahora compre su calzado ideal!","breadcrumb":{"@id":"https:\/\/solfashionsapataria.pt\/es\/mi-cuenta-tienda-online-zapatillas\/#breadcrumb"},"inLanguage":"es","potentialAction":[{"@type":"ReadAction","target":["https:\/\/solfashionsapataria.pt\/es\/mi-cuenta-tienda-online-zapatillas\/"]}]},{"@type":"BreadcrumbList","@id":"https:\/\/solfashionsapataria.pt\/es\/mi-cuenta-tienda-online-zapatillas\/#breadcrumb","itemListElement":[{"@type":"ListItem","position":1,"name":"Home","item":"https:\/\/solfashionsapataria.pt\/es\/"},{"@type":"ListItem","position":2,"name":"Mi cuenta"}]},{"@type":"WebSite","@id":"https:\/\/solfashionsapataria.pt\/#website","url":"https:\/\/solfashionsapataria.pt\/","name":"Solfashion Sapataria - Cal\u00e7ado e acess\u00f3rios nos A\u00e7ores","description":"Venta de zapatos y accesorios en Ponta Delgada, Azores","potentialAction":[{"@type":"SearchAction","target":{"@type":"EntryPoint","urlTemplate":"https:\/\/solfashionsapataria.pt\/?s={search_term_string}"},"query-input":"required name=search_term_string"}],"inLanguage":"es"}]}},"_links":{"self":[{"href":"https:\/\/solfashionsapataria.pt\/es\/wp-json\/wp\/v2\/pages\/55","targetHints":{"allow":["GET"]}}],"collection":[{"href":"https:\/\/solfashionsapataria.pt\/es\/wp-json\/wp\/v2\/pages"}],"about":[{"href":"https:\/\/solfashionsapataria.pt\/es\/wp-json\/wp\/v2\/types\/page"}],"author":[{"embeddable":true,"href":"https:\/\/solfashionsapataria.pt\/es\/wp-json\/wp\/v2\/users\/1"}],"replies":[{"embeddable":true,"href":"https:\/\/solfashionsapataria.pt\/es\/wp-json\/wp\/v2\/comments?post=55"}],"version-history":[{"count":1,"href":"https:\/\/solfashionsapataria.pt\/es\/wp-json\/wp\/v2\/pages\/55\/revisions"}],"predecessor-version":[{"id":17602,"href":"https:\/\/solfashionsapataria.pt\/es\/wp-json\/wp\/v2\/pages\/55\/revisions\/17602"}],"wp:attachment":[{"href":"https:\/\/solfashionsapataria.pt\/es\/wp-json\/wp\/v2\/media?parent=55"}],"curies":[{"name":"wp","href":"https:\/\/api.w.org\/{rel}","templated":true}]}}