{"id":729,"date":"2022-11-03T16:00:35","date_gmt":"2022-11-03T16:00:35","guid":{"rendered":"https:\/\/solfashionsapataria.pt\/favoritos\/"},"modified":"2023-03-17T12:09:14","modified_gmt":"2023-03-17T12:09:14","slug":"favoritos","status":"publish","type":"page","link":"https:\/\/solfashionsapataria.pt\/es\/favoritos\/","title":{"rendered":"Favoritos"},"content":{"rendered":"<div class=\"wishsuite-table-content\">\n    <table class=\"wishsuite_table\">\n        <thead>\n            <tr><th> <\/th><th> <\/th><th>T\u00edtulo<\/th><th>Disponibilidad<\/th><th>Precio<\/th><th> <\/th><\/tr>        <\/thead>\n        <tbody>\n                            <tr>\n                    <td class=\"wishsuite-emplty-text\" colspan=\"6\">\n                        No se han a\u00f1adido productos a la lista                    <\/td>\n                <\/tr>\n                    <\/tbody>\n    <\/table>\n\n    <nav class=\"wishsuite-pagination\"><\/nav>    \n    <div class=\"wishsuite-table-content-loader\"><\/div>\n<\/div>\n","protected":false},"excerpt":{"rendered":"","protected":false},"author":1,"featured_media":12577,"parent":0,"menu_order":0,"comment_status":"closed","ping_status":"closed","template":"template-wc-favoritos.php","meta":{"footnotes":""},"class_list":["post-729","page","type-page","status-publish","has-post-thumbnail","hentry"],"acf":[],"yoast_head":"<!-- This site is optimized with the Yoast SEO plugin v21.3 - https:\/\/yoast.com\/wordpress\/plugins\/seo\/ -->\n<title>Bolsas para Mujeres - Tus Productos Favoritos | Solfashion, Azores<\/title>\n<meta name=\"description\" content=\"Encuentra tus productos favoritos en nuestra p\u00e1gina web! Nuestras bolsas para mujeres y calzado son todo lo que necesitas!\" \/>\n<meta name=\"robots\" content=\"index, follow, max-snippet:-1, max-image-preview:large, max-video-preview:-1\" \/>\n<link rel=\"canonical\" href=\"https:\/\/solfashionsapataria.pt\/es\/favoritos\/\" \/>\n<meta property=\"og:locale\" content=\"es_ES\" \/>\n<meta property=\"og:type\" content=\"article\" \/>\n<meta property=\"og:title\" content=\"Bolsas para Mujeres - Tus Productos Favoritos | Solfashion, Azores\" \/>\n<meta property=\"og:description\" content=\"Encuentra tus productos favoritos en nuestra p\u00e1gina web! Nuestras bolsas para mujeres y calzado son todo lo que necesitas!\" \/>\n<meta property=\"og:url\" content=\"https:\/\/solfashionsapataria.pt\/es\/favoritos\/\" \/>\n<meta property=\"og:site_name\" content=\"Solfashion Sapataria - Cal\u00e7ado e acess\u00f3rios nos A\u00e7ores\" \/>\n<meta property=\"article:modified_time\" content=\"2023-03-17T12:09:14+00:00\" \/>\n<meta property=\"og:image\" content=\"https:\/\/solfashionsapataria.pt\/wp-content\/uploads\/2023\/03\/123100169055032-184122-preto.jpg\" \/>\n\t<meta property=\"og:image:width\" content=\"1512\" \/>\n\t<meta property=\"og:image:height\" content=\"1512\" \/>\n\t<meta property=\"og:image:type\" content=\"image\/jpeg\" \/>\n<meta name=\"twitter:card\" content=\"summary_large_image\" \/>\n<meta name=\"twitter:label1\" content=\"Tiempo de lectura\" \/>\n\t<meta name=\"twitter:data1\" content=\"1 minuto\" \/>\n<script type=\"application\/ld+json\" class=\"yoast-schema-graph\">{\"@context\":\"https:\/\/schema.org\",\"@graph\":[{\"@type\":\"WebPage\",\"@id\":\"https:\/\/solfashionsapataria.pt\/es\/favoritos\/\",\"url\":\"https:\/\/solfashionsapataria.pt\/es\/favoritos\/\",\"name\":\"Bolsas para Mujeres - Tus Productos Favoritos | Solfashion, Azores\",\"isPartOf\":{\"@id\":\"https:\/\/solfashionsapataria.pt\/#website\"},\"datePublished\":\"2022-11-03T16:00:35+00:00\",\"dateModified\":\"2023-03-17T12:09:14+00:00\",\"description\":\"Encuentra tus productos favoritos en nuestra p\u00e1gina web! Nuestras bolsas para mujeres y calzado son todo lo que necesitas!\",\"breadcrumb\":{\"@id\":\"https:\/\/solfashionsapataria.pt\/es\/favoritos\/#breadcrumb\"},\"inLanguage\":\"es\",\"potentialAction\":[{\"@type\":\"ReadAction\",\"target\":[\"https:\/\/solfashionsapataria.pt\/es\/favoritos\/\"]}]},{\"@type\":\"BreadcrumbList\",\"@id\":\"https:\/\/solfashionsapataria.pt\/es\/favoritos\/#breadcrumb\",\"itemListElement\":[{\"@type\":\"ListItem\",\"position\":1,\"name\":\"Home\",\"item\":\"https:\/\/solfashionsapataria.pt\/es\/\"},{\"@type\":\"ListItem\",\"position\":2,\"name\":\"Favoritos\"}]},{\"@type\":\"WebSite\",\"@id\":\"https:\/\/solfashionsapataria.pt\/#website\",\"url\":\"https:\/\/solfashionsapataria.pt\/\",\"name\":\"Solfashion Sapataria - Cal\u00e7ado e acess\u00f3rios nos A\u00e7ores\",\"description\":\"Venta de zapatos y accesorios en Ponta Delgada, Azores\",\"potentialAction\":[{\"@type\":\"SearchAction\",\"target\":{\"@type\":\"EntryPoint\",\"urlTemplate\":\"https:\/\/solfashionsapataria.pt\/?s={search_term_string}\"},\"query-input\":\"required name=search_term_string\"}],\"inLanguage\":\"es\"}]}<\/script>\n<!-- \/ Yoast SEO plugin. -->","yoast_head_json":{"title":"Bolsas para Mujeres - Tus Productos Favoritos | Solfashion, Azores","description":"Encuentra tus productos favoritos en nuestra p\u00e1gina web! Nuestras bolsas para mujeres y calzado son todo lo que necesitas!","robots":{"index":"index","follow":"follow","max-snippet":"max-snippet:-1","max-image-preview":"max-image-preview:large","max-video-preview":"max-video-preview:-1"},"canonical":"https:\/\/solfashionsapataria.pt\/es\/favoritos\/","og_locale":"es_ES","og_type":"article","og_title":"Bolsas para Mujeres - Tus Productos Favoritos | Solfashion, Azores","og_description":"Encuentra tus productos favoritos en nuestra p\u00e1gina web! Nuestras bolsas para mujeres y calzado son todo lo que necesitas!","og_url":"https:\/\/solfashionsapataria.pt\/es\/favoritos\/","og_site_name":"Solfashion Sapataria - Cal\u00e7ado e acess\u00f3rios nos A\u00e7ores","article_modified_time":"2023-03-17T12:09:14+00:00","og_image":[{"width":1512,"height":1512,"url":"https:\/\/solfashionsapataria.pt\/wp-content\/uploads\/2023\/03\/123100169055032-184122-preto.jpg","type":"image\/jpeg"}],"twitter_card":"summary_large_image","twitter_misc":{"Tiempo de lectura":"1 minuto"},"schema":{"@context":"https:\/\/schema.org","@graph":[{"@type":"WebPage","@id":"https:\/\/solfashionsapataria.pt\/es\/favoritos\/","url":"https:\/\/solfashionsapataria.pt\/es\/favoritos\/","name":"Bolsas para Mujeres - Tus Productos Favoritos | Solfashion, Azores","isPartOf":{"@id":"https:\/\/solfashionsapataria.pt\/#website"},"datePublished":"2022-11-03T16:00:35+00:00","dateModified":"2023-03-17T12:09:14+00:00","description":"Encuentra tus productos favoritos en nuestra p\u00e1gina web! Nuestras bolsas para mujeres y calzado son todo lo que necesitas!","breadcrumb":{"@id":"https:\/\/solfashionsapataria.pt\/es\/favoritos\/#breadcrumb"},"inLanguage":"es","potentialAction":[{"@type":"ReadAction","target":["https:\/\/solfashionsapataria.pt\/es\/favoritos\/"]}]},{"@type":"BreadcrumbList","@id":"https:\/\/solfashionsapataria.pt\/es\/favoritos\/#breadcrumb","itemListElement":[{"@type":"ListItem","position":1,"name":"Home","item":"https:\/\/solfashionsapataria.pt\/es\/"},{"@type":"ListItem","position":2,"name":"Favoritos"}]},{"@type":"WebSite","@id":"https:\/\/solfashionsapataria.pt\/#website","url":"https:\/\/solfashionsapataria.pt\/","name":"Solfashion Sapataria - Cal\u00e7ado e acess\u00f3rios nos A\u00e7ores","description":"Venta de zapatos y accesorios en Ponta Delgada, Azores","potentialAction":[{"@type":"SearchAction","target":{"@type":"EntryPoint","urlTemplate":"https:\/\/solfashionsapataria.pt\/?s={search_term_string}"},"query-input":"required name=search_term_string"}],"inLanguage":"es"}]}},"_links":{"self":[{"href":"https:\/\/solfashionsapataria.pt\/es\/wp-json\/wp\/v2\/pages\/729","targetHints":{"allow":["GET"]}}],"collection":[{"href":"https:\/\/solfashionsapataria.pt\/es\/wp-json\/wp\/v2\/pages"}],"about":[{"href":"https:\/\/solfashionsapataria.pt\/es\/wp-json\/wp\/v2\/types\/page"}],"author":[{"embeddable":true,"href":"https:\/\/solfashionsapataria.pt\/es\/wp-json\/wp\/v2\/users\/1"}],"replies":[{"embeddable":true,"href":"https:\/\/solfashionsapataria.pt\/es\/wp-json\/wp\/v2\/comments?post=729"}],"version-history":[{"count":1,"href":"https:\/\/solfashionsapataria.pt\/es\/wp-json\/wp\/v2\/pages\/729\/revisions"}],"predecessor-version":[{"id":730,"href":"https:\/\/solfashionsapataria.pt\/es\/wp-json\/wp\/v2\/pages\/729\/revisions\/730"}],"wp:featuredmedia":[{"embeddable":true,"href":"https:\/\/solfashionsapataria.pt\/es\/wp-json\/wp\/v2\/media\/12577"}],"wp:attachment":[{"href":"https:\/\/solfashionsapataria.pt\/es\/wp-json\/wp\/v2\/media?parent=729"}],"curies":[{"name":"wp","href":"https:\/\/api.w.org\/{rel}","templated":true}]}}