{"id":74,"date":"2022-10-20T12:19:00","date_gmt":"2022-10-20T12:19:00","guid":{"rendered":"https:\/\/solfashionsapataria.pt\/contactos\/"},"modified":"2023-03-17T12:16:38","modified_gmt":"2023-03-17T12:16:38","slug":"contactos","status":"publish","type":"page","link":"https:\/\/solfashionsapataria.pt\/es\/contactos\/","title":{"rendered":"Contactos"},"content":{"rendered":"","protected":false},"excerpt":{"rendered":"","protected":false},"author":1,"featured_media":0,"parent":0,"menu_order":0,"comment_status":"closed","ping_status":"closed","template":"template-contactos.php","meta":{"footnotes":""},"class_list":["post-74","page","type-page","status-publish","hentry"],"acf":[],"yoast_head":"<!-- This site is optimized with the Yoast SEO plugin v21.3 - https:\/\/yoast.com\/wordpress\/plugins\/seo\/ -->\n<title>Calzado C\u00f3modo para Mujer y Hombre | Solfashion en las Azores<\/title>\n<meta name=\"description\" content=\"Su tienda de calzado comodo para mujer y hombre en Ponta Delgada. Cont\u00e1ctenos y haga todas sus preguntas. Somos Solfashion!\" \/>\n<meta name=\"robots\" content=\"index, follow, max-snippet:-1, max-image-preview:large, max-video-preview:-1\" \/>\n<link rel=\"canonical\" href=\"https:\/\/solfashionsapataria.pt\/es\/contactos\/\" \/>\n<meta property=\"og:locale\" content=\"es_ES\" \/>\n<meta property=\"og:type\" content=\"article\" \/>\n<meta property=\"og:title\" content=\"Calzado C\u00f3modo para Mujer y Hombre | Solfashion en las Azores\" \/>\n<meta property=\"og:description\" content=\"Su tienda de calzado comodo para mujer y hombre en Ponta Delgada. Cont\u00e1ctenos y haga todas sus preguntas. Somos Solfashion!\" \/>\n<meta property=\"og:url\" content=\"https:\/\/solfashionsapataria.pt\/es\/contactos\/\" \/>\n<meta property=\"og:site_name\" content=\"Solfashion Sapataria - Cal\u00e7ado e acess\u00f3rios nos A\u00e7ores\" \/>\n<meta property=\"article:modified_time\" content=\"2023-03-17T12:16:38+00:00\" \/>\n<meta name=\"twitter:card\" content=\"summary_large_image\" \/>\n<script type=\"application\/ld+json\" class=\"yoast-schema-graph\">{\"@context\":\"https:\/\/schema.org\",\"@graph\":[{\"@type\":\"WebPage\",\"@id\":\"https:\/\/solfashionsapataria.pt\/es\/contactos\/\",\"url\":\"https:\/\/solfashionsapataria.pt\/es\/contactos\/\",\"name\":\"Calzado C\u00f3modo para Mujer y Hombre | Solfashion en las Azores\",\"isPartOf\":{\"@id\":\"https:\/\/solfashionsapataria.pt\/#website\"},\"datePublished\":\"2022-10-20T12:19:00+00:00\",\"dateModified\":\"2023-03-17T12:16:38+00:00\",\"description\":\"Su tienda de calzado comodo para mujer y hombre en Ponta Delgada. Cont\u00e1ctenos y haga todas sus preguntas. Somos Solfashion!\",\"breadcrumb\":{\"@id\":\"https:\/\/solfashionsapataria.pt\/es\/contactos\/#breadcrumb\"},\"inLanguage\":\"es\",\"potentialAction\":[{\"@type\":\"ReadAction\",\"target\":[\"https:\/\/solfashionsapataria.pt\/es\/contactos\/\"]}]},{\"@type\":\"BreadcrumbList\",\"@id\":\"https:\/\/solfashionsapataria.pt\/es\/contactos\/#breadcrumb\",\"itemListElement\":[{\"@type\":\"ListItem\",\"position\":1,\"name\":\"Home\",\"item\":\"https:\/\/solfashionsapataria.pt\/es\/\"},{\"@type\":\"ListItem\",\"position\":2,\"name\":\"Contactos\"}]},{\"@type\":\"WebSite\",\"@id\":\"https:\/\/solfashionsapataria.pt\/#website\",\"url\":\"https:\/\/solfashionsapataria.pt\/\",\"name\":\"Solfashion Sapataria - Cal\u00e7ado e acess\u00f3rios nos A\u00e7ores\",\"description\":\"Venta de zapatos y accesorios en Ponta Delgada, Azores\",\"potentialAction\":[{\"@type\":\"SearchAction\",\"target\":{\"@type\":\"EntryPoint\",\"urlTemplate\":\"https:\/\/solfashionsapataria.pt\/?s={search_term_string}\"},\"query-input\":\"required name=search_term_string\"}],\"inLanguage\":\"es\"}]}<\/script>\n<!-- \/ Yoast SEO plugin. -->","yoast_head_json":{"title":"Calzado C\u00f3modo para Mujer y Hombre | Solfashion en las Azores","description":"Su tienda de calzado comodo para mujer y hombre en Ponta Delgada. Cont\u00e1ctenos y haga todas sus preguntas. Somos Solfashion!","robots":{"index":"index","follow":"follow","max-snippet":"max-snippet:-1","max-image-preview":"max-image-preview:large","max-video-preview":"max-video-preview:-1"},"canonical":"https:\/\/solfashionsapataria.pt\/es\/contactos\/","og_locale":"es_ES","og_type":"article","og_title":"Calzado C\u00f3modo para Mujer y Hombre | Solfashion en las Azores","og_description":"Su tienda de calzado comodo para mujer y hombre en Ponta Delgada. Cont\u00e1ctenos y haga todas sus preguntas. Somos Solfashion!","og_url":"https:\/\/solfashionsapataria.pt\/es\/contactos\/","og_site_name":"Solfashion Sapataria - Cal\u00e7ado e acess\u00f3rios nos A\u00e7ores","article_modified_time":"2023-03-17T12:16:38+00:00","twitter_card":"summary_large_image","schema":{"@context":"https:\/\/schema.org","@graph":[{"@type":"WebPage","@id":"https:\/\/solfashionsapataria.pt\/es\/contactos\/","url":"https:\/\/solfashionsapataria.pt\/es\/contactos\/","name":"Calzado C\u00f3modo para Mujer y Hombre | Solfashion en las Azores","isPartOf":{"@id":"https:\/\/solfashionsapataria.pt\/#website"},"datePublished":"2022-10-20T12:19:00+00:00","dateModified":"2023-03-17T12:16:38+00:00","description":"Su tienda de calzado comodo para mujer y hombre en Ponta Delgada. Cont\u00e1ctenos y haga todas sus preguntas. Somos Solfashion!","breadcrumb":{"@id":"https:\/\/solfashionsapataria.pt\/es\/contactos\/#breadcrumb"},"inLanguage":"es","potentialAction":[{"@type":"ReadAction","target":["https:\/\/solfashionsapataria.pt\/es\/contactos\/"]}]},{"@type":"BreadcrumbList","@id":"https:\/\/solfashionsapataria.pt\/es\/contactos\/#breadcrumb","itemListElement":[{"@type":"ListItem","position":1,"name":"Home","item":"https:\/\/solfashionsapataria.pt\/es\/"},{"@type":"ListItem","position":2,"name":"Contactos"}]},{"@type":"WebSite","@id":"https:\/\/solfashionsapataria.pt\/#website","url":"https:\/\/solfashionsapataria.pt\/","name":"Solfashion Sapataria - Cal\u00e7ado e acess\u00f3rios nos A\u00e7ores","description":"Venta de zapatos y accesorios en Ponta Delgada, Azores","potentialAction":[{"@type":"SearchAction","target":{"@type":"EntryPoint","urlTemplate":"https:\/\/solfashionsapataria.pt\/?s={search_term_string}"},"query-input":"required name=search_term_string"}],"inLanguage":"es"}]}},"_links":{"self":[{"href":"https:\/\/solfashionsapataria.pt\/es\/wp-json\/wp\/v2\/pages\/74","targetHints":{"allow":["GET"]}}],"collection":[{"href":"https:\/\/solfashionsapataria.pt\/es\/wp-json\/wp\/v2\/pages"}],"about":[{"href":"https:\/\/solfashionsapataria.pt\/es\/wp-json\/wp\/v2\/types\/page"}],"author":[{"embeddable":true,"href":"https:\/\/solfashionsapataria.pt\/es\/wp-json\/wp\/v2\/users\/1"}],"replies":[{"embeddable":true,"href":"https:\/\/solfashionsapataria.pt\/es\/wp-json\/wp\/v2\/comments?post=74"}],"version-history":[{"count":6,"href":"https:\/\/solfashionsapataria.pt\/es\/wp-json\/wp\/v2\/pages\/74\/revisions"}],"predecessor-version":[{"id":639,"href":"https:\/\/solfashionsapataria.pt\/es\/wp-json\/wp\/v2\/pages\/74\/revisions\/639"}],"wp:attachment":[{"href":"https:\/\/solfashionsapataria.pt\/es\/wp-json\/wp\/v2\/media?parent=74"}],"curies":[{"name":"wp","href":"https:\/\/api.w.org\/{rel}","templated":true}]}}