{"id":8696,"date":"2022-10-21T11:42:31","date_gmt":"2022-10-21T11:42:31","guid":{"rendered":"https:\/\/solfashionsapataria.pt\/portes-de-envio\/"},"modified":"2023-03-16T20:29:01","modified_gmt":"2023-03-16T20:29:01","slug":"portes-de-envio","status":"publish","type":"page","link":"https:\/\/solfashionsapataria.pt\/es\/portes-de-envio\/","title":{"rendered":"Cargos de env\u00edo"},"content":{"rendered":"<p><strong>Isla de S. Miguel:<\/strong><\/p>\n<ul>\n<li>Recogida en tienda sin coste adicional<\/li>\n<li>Entrega por correo certificado (1 a 3 d\u00edas)<\/li>\n<\/ul>\n<table class=\"pesos\">\n<thead>\n<tr>\n<th>PESO<\/th>\n<th>PRECIO<\/th>\n<\/tr>\n<\/thead>\n<tbody>\n<tr>\n<td>HASTA 2KG<\/td>\n<td>4.28\u20ac<\/td>\n<\/tr>\n<tr>\n<td>DE 2KG A 5KG<\/td>\n<td>4.73\u20ac<\/td>\n<\/tr>\n<tr>\n<td>DE 5KG A 10KG<\/td>\n<td>5.23\u20ac<\/td>\n<\/tr>\n<tr>\n<td>DE 10KG A 15KG<\/td>\n<td>5.70\u20ac<\/td>\n<\/tr>\n<tr>\n<td>DE 15KG A 20KG<\/td>\n<td>5.86\u20ac<\/td>\n<\/tr>\n<tr>\n<td>DE 20KG A 25KG<\/td>\n<td>6.55\u20ac<\/td>\n<\/tr>\n<tr>\n<td>DE 25KG A 30KG<\/td>\n<td>7.10\u20ac<\/td>\n<\/tr>\n<tr>\n<td>DE 40KG A 50KG<\/td>\n<td>10.90\u20ac<\/td>\n<\/tr>\n<tr>\n<td>DE 50KG A 60KG<\/td>\n<td>12.80\u20ac<\/td>\n<\/tr>\n<\/tbody>\n<\/table>\n<p>&nbsp;<\/p>\n<p><strong>Restantes ilhas dos A\u00e7ores:<\/strong><\/p>\n<ul>\n<li>Entrega por correo certificado (2 a 15 d\u00edas)<\/li>\n<\/ul>\n<table class=\"pesos\">\n<thead>\n<tr>\n<th>PESO<\/th>\n<th>PRECIO<\/th>\n<\/tr>\n<\/thead>\n<tbody>\n<tr>\n<td>HASTA 100G<\/td>\n<td>3.4\u20ac<\/td>\n<\/tr>\n<tr>\n<td>DE 100G A 500G<\/td>\n<td>4.95\u20ac<\/td>\n<\/tr>\n<tr>\n<td>DE 500G A 2KG<\/td>\n<td>6.83\u20ac<\/td>\n<\/tr>\n<tr>\n<td>DE 2KG A 5KG<\/td>\n<td>8.28\u20ac<\/td>\n<\/tr>\n<tr>\n<td>DE 5KG A 10KG<\/td>\n<td>10.76\u20ac<\/td>\n<\/tr>\n<tr>\n<td>DE 10KG A 20KG<\/td>\n<td>17.35\u20ac<\/td>\n<\/tr>\n<tr>\n<td>DE 20KG A 30KG<\/td>\n<td>23.82\u20ac<\/td>\n<\/tr>\n<tr>\n<td>DE 30KG A 35KG<\/td>\n<td>27.82\u20ac<\/td>\n<\/tr>\n<tr>\n<td>DE 35KG A 40KG<\/td>\n<td>31.82\u20ac<\/td>\n<\/tr>\n<tr>\n<td>DE 40KG A 45KG<\/td>\n<td>35.82\u20ac<\/td>\n<\/tr>\n<tr>\n<td>DE 45KG A 50KG<\/td>\n<td>39.82\u20ac<\/td>\n<\/tr>\n<tr>\n<td>DE 50KG A 60KG<\/td>\n<td>44.90\u20ac<\/td>\n<\/tr>\n<tr>\n<td>DE 60KG A 70KG<\/td>\n<td>49.87\u20ac<\/td>\n<\/tr>\n<\/tbody>\n<\/table>\n<p>&nbsp;<\/p>\n<p><strong>Portugal Continental:<\/strong><\/p>\n<ul>\n<li>Entrega por correo certificado (3 a 10 d\u00edas)<\/li>\n<\/ul>\n<table class=\"pesos\">\n<tbody>\n<tr>\n<th>PESO<\/th>\n<th>PRECIO<\/th>\n<\/tr>\n<tr>\n<td>HASTA 2KG<\/td>\n<td>11.79\u20ac<\/td>\n<\/tr>\n<tr>\n<td>DE 2KG A 5KG<\/td>\n<td>18.13\u20ac<\/td>\n<\/tr>\n<tr>\n<td>DE 5KG A 10KG<\/td>\n<td>27.66\u20ac<\/td>\n<\/tr>\n<tr>\n<td>DE 10KG A 15KG<\/td>\n<td>37.17\u20ac<\/td>\n<\/tr>\n<tr>\n<td>DE 15KG A 20KG<\/td>\n<td>49.57\u20ac<\/td>\n<\/tr>\n<\/tbody>\n<\/table>\n<p>&nbsp;<\/p>\n<p><strong>Archipi\u00e9lago de Madeira<\/strong><\/p>\n<ul>\n<li>Entrega por correo certificado (4 a 9 d\u00edas)<\/li>\n<\/ul>\n<table class=\"pesos\">\n<thead>\n<tr>\n<th>PESO<\/th>\n<th>PRECIO<\/th>\n<\/tr>\n<\/thead>\n<tbody>\n<tr>\n<td>HASTA 2KG<\/td>\n<td>11.79\u20ac<\/td>\n<\/tr>\n<tr>\n<td>DE 2KG A 5KG<\/td>\n<td>18.13\u20ac<\/td>\n<\/tr>\n<tr>\n<td>DE 5KG A 10KG<\/td>\n<td>27.66\u20ac<\/td>\n<\/tr>\n<tr>\n<td>DE 10KG A 15KG<\/td>\n<td>37.17\u20ac<\/td>\n<\/tr>\n<tr>\n<td>DE 15KG A 20KG<\/td>\n<td>49.57\u20ac<\/td>\n<\/tr>\n<\/tbody>\n<\/table>\n","protected":false},"excerpt":{"rendered":"<p>Isla de S. Miguel: Recogida en tienda sin coste adicional Entrega por correo certificado","protected":false},"author":1,"featured_media":0,"parent":0,"menu_order":0,"comment_status":"closed","ping_status":"closed","template":"","meta":{"footnotes":""},"class_list":["post-8696","page","type-page","status-publish","hentry"],"acf":[],"yoast_head":"<!-- This site is optimized with the Yoast SEO plugin v21.3 - https:\/\/yoast.com\/wordpress\/plugins\/seo\/ -->\n<title>Cargos de env\u00edo | Tienda en L\u00ednea - Solfashion Zapater\u00eda<\/title>\n<meta name=\"description\" content=\"Enviamos nuestros productos para todo el pa\u00eds. Consulte aqu\u00ed nuestra tabla de cargos de envio. Cont\u00e1ctenos para m\u00e1s informaciones!\" \/>\n<meta name=\"robots\" content=\"index, follow, max-snippet:-1, max-image-preview:large, max-video-preview:-1\" \/>\n<link rel=\"canonical\" href=\"https:\/\/solfashionsapataria.pt\/es\/portes-de-envio\/\" \/>\n<meta property=\"og:locale\" content=\"es_ES\" \/>\n<meta property=\"og:type\" content=\"article\" \/>\n<meta property=\"og:title\" content=\"Cargos de env\u00edo | Tienda en L\u00ednea - Solfashion Zapater\u00eda\" \/>\n<meta property=\"og:description\" content=\"Enviamos nuestros productos para todo el pa\u00eds. Consulte aqu\u00ed nuestra tabla de cargos de envio. Cont\u00e1ctenos para m\u00e1s informaciones!\" \/>\n<meta property=\"og:url\" content=\"https:\/\/solfashionsapataria.pt\/es\/portes-de-envio\/\" \/>\n<meta property=\"og:site_name\" content=\"Solfashion Sapataria - Cal\u00e7ado e acess\u00f3rios nos A\u00e7ores\" \/>\n<meta property=\"article:modified_time\" content=\"2023-03-16T20:29:01+00:00\" \/>\n<meta name=\"twitter:card\" content=\"summary_large_image\" \/>\n<meta name=\"twitter:label1\" content=\"Tiempo de lectura\" \/>\n\t<meta name=\"twitter:data1\" content=\"2 minutos\" \/>\n<script type=\"application\/ld+json\" class=\"yoast-schema-graph\">{\"@context\":\"https:\/\/schema.org\",\"@graph\":[{\"@type\":\"WebPage\",\"@id\":\"https:\/\/solfashionsapataria.pt\/es\/portes-de-envio\/\",\"url\":\"https:\/\/solfashionsapataria.pt\/es\/portes-de-envio\/\",\"name\":\"Cargos de env\u00edo | Tienda en L\u00ednea - Solfashion Zapater\u00eda\",\"isPartOf\":{\"@id\":\"https:\/\/solfashionsapataria.pt\/#website\"},\"datePublished\":\"2022-10-21T11:42:31+00:00\",\"dateModified\":\"2023-03-16T20:29:01+00:00\",\"description\":\"Enviamos nuestros productos para todo el pa\u00eds. Consulte aqu\u00ed nuestra tabla de cargos de envio. Cont\u00e1ctenos para m\u00e1s informaciones!\",\"breadcrumb\":{\"@id\":\"https:\/\/solfashionsapataria.pt\/es\/portes-de-envio\/#breadcrumb\"},\"inLanguage\":\"es\",\"potentialAction\":[{\"@type\":\"ReadAction\",\"target\":[\"https:\/\/solfashionsapataria.pt\/es\/portes-de-envio\/\"]}]},{\"@type\":\"BreadcrumbList\",\"@id\":\"https:\/\/solfashionsapataria.pt\/es\/portes-de-envio\/#breadcrumb\",\"itemListElement\":[{\"@type\":\"ListItem\",\"position\":1,\"name\":\"Home\",\"item\":\"https:\/\/solfashionsapataria.pt\/es\/\"},{\"@type\":\"ListItem\",\"position\":2,\"name\":\"Cargos de env\u00edo\"}]},{\"@type\":\"WebSite\",\"@id\":\"https:\/\/solfashionsapataria.pt\/#website\",\"url\":\"https:\/\/solfashionsapataria.pt\/\",\"name\":\"Solfashion Sapataria - Cal\u00e7ado e acess\u00f3rios nos A\u00e7ores\",\"description\":\"Venta de zapatos y accesorios en Ponta Delgada, Azores\",\"potentialAction\":[{\"@type\":\"SearchAction\",\"target\":{\"@type\":\"EntryPoint\",\"urlTemplate\":\"https:\/\/solfashionsapataria.pt\/?s={search_term_string}\"},\"query-input\":\"required name=search_term_string\"}],\"inLanguage\":\"es\"}]}<\/script>\n<!-- \/ Yoast SEO plugin. -->","yoast_head_json":{"title":"Cargos de env\u00edo | Tienda en L\u00ednea - Solfashion Zapater\u00eda","description":"Enviamos nuestros productos para todo el pa\u00eds. Consulte aqu\u00ed nuestra tabla de cargos de envio. Cont\u00e1ctenos para m\u00e1s informaciones!","robots":{"index":"index","follow":"follow","max-snippet":"max-snippet:-1","max-image-preview":"max-image-preview:large","max-video-preview":"max-video-preview:-1"},"canonical":"https:\/\/solfashionsapataria.pt\/es\/portes-de-envio\/","og_locale":"es_ES","og_type":"article","og_title":"Cargos de env\u00edo | Tienda en L\u00ednea - Solfashion Zapater\u00eda","og_description":"Enviamos nuestros productos para todo el pa\u00eds. Consulte aqu\u00ed nuestra tabla de cargos de envio. Cont\u00e1ctenos para m\u00e1s informaciones!","og_url":"https:\/\/solfashionsapataria.pt\/es\/portes-de-envio\/","og_site_name":"Solfashion Sapataria - Cal\u00e7ado e acess\u00f3rios nos A\u00e7ores","article_modified_time":"2023-03-16T20:29:01+00:00","twitter_card":"summary_large_image","twitter_misc":{"Tiempo de lectura":"2 minutos"},"schema":{"@context":"https:\/\/schema.org","@graph":[{"@type":"WebPage","@id":"https:\/\/solfashionsapataria.pt\/es\/portes-de-envio\/","url":"https:\/\/solfashionsapataria.pt\/es\/portes-de-envio\/","name":"Cargos de env\u00edo | Tienda en L\u00ednea - Solfashion Zapater\u00eda","isPartOf":{"@id":"https:\/\/solfashionsapataria.pt\/#website"},"datePublished":"2022-10-21T11:42:31+00:00","dateModified":"2023-03-16T20:29:01+00:00","description":"Enviamos nuestros productos para todo el pa\u00eds. Consulte aqu\u00ed nuestra tabla de cargos de envio. Cont\u00e1ctenos para m\u00e1s informaciones!","breadcrumb":{"@id":"https:\/\/solfashionsapataria.pt\/es\/portes-de-envio\/#breadcrumb"},"inLanguage":"es","potentialAction":[{"@type":"ReadAction","target":["https:\/\/solfashionsapataria.pt\/es\/portes-de-envio\/"]}]},{"@type":"BreadcrumbList","@id":"https:\/\/solfashionsapataria.pt\/es\/portes-de-envio\/#breadcrumb","itemListElement":[{"@type":"ListItem","position":1,"name":"Home","item":"https:\/\/solfashionsapataria.pt\/es\/"},{"@type":"ListItem","position":2,"name":"Cargos de env\u00edo"}]},{"@type":"WebSite","@id":"https:\/\/solfashionsapataria.pt\/#website","url":"https:\/\/solfashionsapataria.pt\/","name":"Solfashion Sapataria - Cal\u00e7ado e acess\u00f3rios nos A\u00e7ores","description":"Venta de zapatos y accesorios en Ponta Delgada, Azores","potentialAction":[{"@type":"SearchAction","target":{"@type":"EntryPoint","urlTemplate":"https:\/\/solfashionsapataria.pt\/?s={search_term_string}"},"query-input":"required name=search_term_string"}],"inLanguage":"es"}]}},"_links":{"self":[{"href":"https:\/\/solfashionsapataria.pt\/es\/wp-json\/wp\/v2\/pages\/8696","targetHints":{"allow":["GET"]}}],"collection":[{"href":"https:\/\/solfashionsapataria.pt\/es\/wp-json\/wp\/v2\/pages"}],"about":[{"href":"https:\/\/solfashionsapataria.pt\/es\/wp-json\/wp\/v2\/types\/page"}],"author":[{"embeddable":true,"href":"https:\/\/solfashionsapataria.pt\/es\/wp-json\/wp\/v2\/users\/1"}],"replies":[{"embeddable":true,"href":"https:\/\/solfashionsapataria.pt\/es\/wp-json\/wp\/v2\/comments?post=8696"}],"version-history":[{"count":2,"href":"https:\/\/solfashionsapataria.pt\/es\/wp-json\/wp\/v2\/pages\/8696\/revisions"}],"predecessor-version":[{"id":8703,"href":"https:\/\/solfashionsapataria.pt\/es\/wp-json\/wp\/v2\/pages\/8696\/revisions\/8703"}],"wp:attachment":[{"href":"https:\/\/solfashionsapataria.pt\/es\/wp-json\/wp\/v2\/media?parent=8696"}],"curies":[{"name":"wp","href":"https:\/\/api.w.org\/{rel}","templated":true}]}}