{"id":508215,"date":"2025-07-10T01:42:43","date_gmt":"2025-07-10T01:42:43","guid":{"rendered":"https:\/\/solfashionsapataria.pt\/produto\/sandalia-menino-20-30\/"},"modified":"2026-04-19T01:16:22","modified_gmt":"2026-04-19T01:16:22","slug":"sandalia-menino-20-30","status":"publish","type":"product","link":"https:\/\/solfashionsapataria.pt\/es\/producto\/sandalia-menino-20-30\/","title":{"rendered":"Sand\u00e1lia Menino 20\/30"},"content":{"rendered":"","protected":false},"excerpt":{"rendered":"","protected":false},"featured_media":508200,"template":"","meta":[],"product_cat":[364,139],"product_tag":[],"productos_marcas":[380],"class_list":{"0":"post-508215","1":"product","2":"type-product","3":"status-publish","4":"has-post-thumbnail","6":"product_cat-chico","7":"product_cat-zapatos-para-ninos","8":"productos_marcas-beppi","10":"first","11":"instock","12":"shipping-taxable","13":"purchasable","14":"product-type-variable"},"acf":[],"yoast_head":"<!-- This site is optimized with the Yoast SEO plugin v21.3 - https:\/\/yoast.com\/wordpress\/plugins\/seo\/ -->\n<title>Sand\u00e1lia Menino 20\/30 - Solfashion Sapataria - Cal\u00e7ado e acess\u00f3rios nos A\u00e7ores<\/title>\n<meta name=\"robots\" content=\"index, follow, max-snippet:-1, max-image-preview:large, max-video-preview:-1\" \/>\n<link rel=\"canonical\" href=\"https:\/\/solfashionsapataria.pt\/es\/producto\/sandalia-menino-20-30\/\" \/>\n<meta property=\"og:locale\" content=\"es_ES\" \/>\n<meta property=\"og:type\" content=\"article\" \/>\n<meta property=\"og:title\" content=\"Sand\u00e1lia Menino 20\/30 - Solfashion Sapataria - Cal\u00e7ado e acess\u00f3rios nos A\u00e7ores\" \/>\n<meta property=\"og:url\" content=\"https:\/\/solfashionsapataria.pt\/es\/producto\/sandalia-menino-20-30\/\" \/>\n<meta property=\"og:site_name\" content=\"Solfashion Sapataria - Cal\u00e7ado e acess\u00f3rios nos A\u00e7ores\" \/>\n<meta property=\"article:modified_time\" content=\"2026-04-19T01:16:22+00:00\" \/>\n<meta property=\"og:image\" content=\"https:\/\/solfashionsapataria.pt\/wp-content\/uploads\/2025\/07\/1233412501838-2192100-azul.jpg\" \/>\n\t<meta property=\"og:image:width\" content=\"1600\" \/>\n\t<meta property=\"og:image:height\" content=\"2000\" \/>\n\t<meta property=\"og:image:type\" content=\"image\/jpeg\" \/>\n<meta name=\"twitter:card\" content=\"summary_large_image\" \/>\n<script type=\"application\/ld+json\" class=\"yoast-schema-graph\">{\"@context\":\"https:\/\/schema.org\",\"@graph\":[{\"@type\":\"WebPage\",\"@id\":\"https:\/\/solfashionsapataria.pt\/es\/producto\/sandalia-menino-20-30\/\",\"url\":\"https:\/\/solfashionsapataria.pt\/es\/producto\/sandalia-menino-20-30\/\",\"name\":\"Sand\u00e1lia Menino 20\/30 - Solfashion Sapataria - Cal\u00e7ado e acess\u00f3rios nos A\u00e7ores\",\"isPartOf\":{\"@id\":\"https:\/\/solfashionsapataria.pt\/#website\"},\"datePublished\":\"2025-07-10T01:42:43+00:00\",\"dateModified\":\"2026-04-19T01:16:22+00:00\",\"breadcrumb\":{\"@id\":\"https:\/\/solfashionsapataria.pt\/es\/producto\/sandalia-menino-20-30\/#breadcrumb\"},\"inLanguage\":\"es\",\"potentialAction\":[{\"@type\":\"ReadAction\",\"target\":[\"https:\/\/solfashionsapataria.pt\/es\/producto\/sandalia-menino-20-30\/\"]}]},{\"@type\":\"BreadcrumbList\",\"@id\":\"https:\/\/solfashionsapataria.pt\/es\/producto\/sandalia-menino-20-30\/#breadcrumb\",\"itemListElement\":[{\"@type\":\"ListItem\",\"position\":1,\"name\":\"Home\",\"item\":\"https:\/\/solfashionsapataria.pt\/es\/\"},{\"@type\":\"ListItem\",\"position\":2,\"name\":\"Tienda en l\u00ednea\",\"item\":\"https:\/\/solfashionsapataria.pt\/es\/tienda-en-linea\/\"},{\"@type\":\"ListItem\",\"position\":3,\"name\":\"Sand\u00e1lia Menino 20\/30\"}]},{\"@type\":\"WebSite\",\"@id\":\"https:\/\/solfashionsapataria.pt\/#website\",\"url\":\"https:\/\/solfashionsapataria.pt\/\",\"name\":\"Solfashion Sapataria - Cal\u00e7ado e acess\u00f3rios nos A\u00e7ores\",\"description\":\"Venta de zapatos y accesorios en Ponta Delgada, Azores\",\"potentialAction\":[{\"@type\":\"SearchAction\",\"target\":{\"@type\":\"EntryPoint\",\"urlTemplate\":\"https:\/\/solfashionsapataria.pt\/?s={search_term_string}\"},\"query-input\":\"required name=search_term_string\"}],\"inLanguage\":\"es\"}]}<\/script>\n<!-- \/ Yoast SEO plugin. -->","yoast_head_json":{"title":"Sand\u00e1lia Menino 20\/30 - Solfashion Sapataria - Cal\u00e7ado e acess\u00f3rios nos A\u00e7ores","robots":{"index":"index","follow":"follow","max-snippet":"max-snippet:-1","max-image-preview":"max-image-preview:large","max-video-preview":"max-video-preview:-1"},"canonical":"https:\/\/solfashionsapataria.pt\/es\/producto\/sandalia-menino-20-30\/","og_locale":"es_ES","og_type":"article","og_title":"Sand\u00e1lia Menino 20\/30 - Solfashion Sapataria - Cal\u00e7ado e acess\u00f3rios nos A\u00e7ores","og_url":"https:\/\/solfashionsapataria.pt\/es\/producto\/sandalia-menino-20-30\/","og_site_name":"Solfashion Sapataria - Cal\u00e7ado e acess\u00f3rios nos A\u00e7ores","article_modified_time":"2026-04-19T01:16:22+00:00","og_image":[{"width":1600,"height":2000,"url":"https:\/\/solfashionsapataria.pt\/wp-content\/uploads\/2025\/07\/1233412501838-2192100-azul.jpg","type":"image\/jpeg"}],"twitter_card":"summary_large_image","schema":{"@context":"https:\/\/schema.org","@graph":[{"@type":"WebPage","@id":"https:\/\/solfashionsapataria.pt\/es\/producto\/sandalia-menino-20-30\/","url":"https:\/\/solfashionsapataria.pt\/es\/producto\/sandalia-menino-20-30\/","name":"Sand\u00e1lia Menino 20\/30 - Solfashion Sapataria - Cal\u00e7ado e acess\u00f3rios nos A\u00e7ores","isPartOf":{"@id":"https:\/\/solfashionsapataria.pt\/#website"},"datePublished":"2025-07-10T01:42:43+00:00","dateModified":"2026-04-19T01:16:22+00:00","breadcrumb":{"@id":"https:\/\/solfashionsapataria.pt\/es\/producto\/sandalia-menino-20-30\/#breadcrumb"},"inLanguage":"es","potentialAction":[{"@type":"ReadAction","target":["https:\/\/solfashionsapataria.pt\/es\/producto\/sandalia-menino-20-30\/"]}]},{"@type":"BreadcrumbList","@id":"https:\/\/solfashionsapataria.pt\/es\/producto\/sandalia-menino-20-30\/#breadcrumb","itemListElement":[{"@type":"ListItem","position":1,"name":"Home","item":"https:\/\/solfashionsapataria.pt\/es\/"},{"@type":"ListItem","position":2,"name":"Tienda en l\u00ednea","item":"https:\/\/solfashionsapataria.pt\/es\/tienda-en-linea\/"},{"@type":"ListItem","position":3,"name":"Sand\u00e1lia Menino 20\/30"}]},{"@type":"WebSite","@id":"https:\/\/solfashionsapataria.pt\/#website","url":"https:\/\/solfashionsapataria.pt\/","name":"Solfashion Sapataria - Cal\u00e7ado e acess\u00f3rios nos A\u00e7ores","description":"Venta de zapatos y accesorios en Ponta Delgada, Azores","potentialAction":[{"@type":"SearchAction","target":{"@type":"EntryPoint","urlTemplate":"https:\/\/solfashionsapataria.pt\/?s={search_term_string}"},"query-input":"required name=search_term_string"}],"inLanguage":"es"}]}},"_links":{"self":[{"href":"https:\/\/solfashionsapataria.pt\/es\/wp-json\/wp\/v2\/product\/508215","targetHints":{"allow":["GET"]}}],"collection":[{"href":"https:\/\/solfashionsapataria.pt\/es\/wp-json\/wp\/v2\/product"}],"about":[{"href":"https:\/\/solfashionsapataria.pt\/es\/wp-json\/wp\/v2\/types\/product"}],"wp:featuredmedia":[{"embeddable":true,"href":"https:\/\/solfashionsapataria.pt\/es\/wp-json\/wp\/v2\/media\/508200"}],"wp:attachment":[{"href":"https:\/\/solfashionsapataria.pt\/es\/wp-json\/wp\/v2\/media?parent=508215"}],"wp:term":[{"taxonomy":"product_cat","embeddable":true,"href":"https:\/\/solfashionsapataria.pt\/es\/wp-json\/wp\/v2\/product_cat?post=508215"},{"taxonomy":"product_tag","embeddable":true,"href":"https:\/\/solfashionsapataria.pt\/es\/wp-json\/wp\/v2\/product_tag?post=508215"},{"taxonomy":"productos_marcas","embeddable":true,"href":"https:\/\/solfashionsapataria.pt\/es\/wp-json\/wp\/v2\/productos_marcas?post=508215"}],"curies":[{"name":"wp","href":"https:\/\/api.w.org\/{rel}","templated":true}]}}