{"id":508350,"date":"2025-07-10T01:44:16","date_gmt":"2025-07-10T01:44:16","guid":{"rendered":"https:\/\/solfashionsapataria.pt\/produto\/tenis-homem-40-45\/"},"modified":"2026-04-15T01:17:05","modified_gmt":"2026-04-15T01:17:05","slug":"tenis-homem-40-45","status":"publish","type":"product","link":"https:\/\/solfashionsapataria.pt\/es\/producto\/tenis-homem-40-45\/","title":{"rendered":"T\u00e9nis Homem 40\/45"},"content":{"rendered":"","protected":false},"excerpt":{"rendered":"","protected":false},"featured_media":508332,"template":"","meta":[],"product_cat":[140],"product_tag":[],"productos_marcas":[380],"class_list":{"0":"post-508350","1":"product","2":"type-product","3":"status-publish","4":"has-post-thumbnail","6":"product_cat-calzado-de-hombre","7":"productos_marcas-beppi","9":"first","10":"instock","11":"shipping-taxable","12":"purchasable","13":"product-type-variable"},"acf":[],"yoast_head":"<!-- This site is optimized with the Yoast SEO plugin v21.3 - https:\/\/yoast.com\/wordpress\/plugins\/seo\/ -->\n<title>T\u00e9nis Homem 40\/45 - Solfashion Sapataria - Cal\u00e7ado e acess\u00f3rios nos A\u00e7ores<\/title>\n<meta name=\"robots\" content=\"index, follow, max-snippet:-1, max-image-preview:large, max-video-preview:-1\" \/>\n<link rel=\"canonical\" href=\"https:\/\/solfashionsapataria.pt\/es\/producto\/tenis-homem-40-45\/\" \/>\n<meta property=\"og:locale\" content=\"es_ES\" \/>\n<meta property=\"og:type\" content=\"article\" \/>\n<meta property=\"og:title\" content=\"T\u00e9nis Homem 40\/45 - Solfashion Sapataria - Cal\u00e7ado e acess\u00f3rios nos A\u00e7ores\" \/>\n<meta property=\"og:url\" content=\"https:\/\/solfashionsapataria.pt\/es\/producto\/tenis-homem-40-45\/\" \/>\n<meta property=\"og:site_name\" content=\"Solfashion Sapataria - Cal\u00e7ado e acess\u00f3rios nos A\u00e7ores\" \/>\n<meta property=\"article:modified_time\" content=\"2026-04-15T01:17:05+00:00\" \/>\n<meta property=\"og:image\" content=\"https:\/\/solfashionsapataria.pt\/wp-content\/uploads\/2025\/07\/1233416800465-2203611-brancoverde.jpg\" \/>\n\t<meta property=\"og:image:width\" content=\"2400\" \/>\n\t<meta property=\"og:image:height\" content=\"1800\" \/>\n\t<meta property=\"og:image:type\" content=\"image\/jpeg\" \/>\n<meta name=\"twitter:card\" content=\"summary_large_image\" \/>\n<script type=\"application\/ld+json\" class=\"yoast-schema-graph\">{\"@context\":\"https:\/\/schema.org\",\"@graph\":[{\"@type\":\"WebPage\",\"@id\":\"https:\/\/solfashionsapataria.pt\/es\/producto\/tenis-homem-40-45\/\",\"url\":\"https:\/\/solfashionsapataria.pt\/es\/producto\/tenis-homem-40-45\/\",\"name\":\"T\u00e9nis Homem 40\/45 - Solfashion Sapataria - Cal\u00e7ado e acess\u00f3rios nos A\u00e7ores\",\"isPartOf\":{\"@id\":\"https:\/\/solfashionsapataria.pt\/#website\"},\"datePublished\":\"2025-07-10T01:44:16+00:00\",\"dateModified\":\"2026-04-15T01:17:05+00:00\",\"breadcrumb\":{\"@id\":\"https:\/\/solfashionsapataria.pt\/es\/producto\/tenis-homem-40-45\/#breadcrumb\"},\"inLanguage\":\"es\",\"potentialAction\":[{\"@type\":\"ReadAction\",\"target\":[\"https:\/\/solfashionsapataria.pt\/es\/producto\/tenis-homem-40-45\/\"]}]},{\"@type\":\"BreadcrumbList\",\"@id\":\"https:\/\/solfashionsapataria.pt\/es\/producto\/tenis-homem-40-45\/#breadcrumb\",\"itemListElement\":[{\"@type\":\"ListItem\",\"position\":1,\"name\":\"Home\",\"item\":\"https:\/\/solfashionsapataria.pt\/es\/\"},{\"@type\":\"ListItem\",\"position\":2,\"name\":\"Tienda en l\u00ednea\",\"item\":\"https:\/\/solfashionsapataria.pt\/es\/tienda-en-linea\/\"},{\"@type\":\"ListItem\",\"position\":3,\"name\":\"T\u00e9nis Homem 40\/45\"}]},{\"@type\":\"WebSite\",\"@id\":\"https:\/\/solfashionsapataria.pt\/#website\",\"url\":\"https:\/\/solfashionsapataria.pt\/\",\"name\":\"Solfashion Sapataria - Cal\u00e7ado e acess\u00f3rios nos A\u00e7ores\",\"description\":\"Venta de zapatos y accesorios en Ponta Delgada, Azores\",\"potentialAction\":[{\"@type\":\"SearchAction\",\"target\":{\"@type\":\"EntryPoint\",\"urlTemplate\":\"https:\/\/solfashionsapataria.pt\/?s={search_term_string}\"},\"query-input\":\"required name=search_term_string\"}],\"inLanguage\":\"es\"}]}<\/script>\n<!-- \/ Yoast SEO plugin. -->","yoast_head_json":{"title":"T\u00e9nis Homem 40\/45 - Solfashion Sapataria - Cal\u00e7ado e acess\u00f3rios nos A\u00e7ores","robots":{"index":"index","follow":"follow","max-snippet":"max-snippet:-1","max-image-preview":"max-image-preview:large","max-video-preview":"max-video-preview:-1"},"canonical":"https:\/\/solfashionsapataria.pt\/es\/producto\/tenis-homem-40-45\/","og_locale":"es_ES","og_type":"article","og_title":"T\u00e9nis Homem 40\/45 - Solfashion Sapataria - Cal\u00e7ado e acess\u00f3rios nos A\u00e7ores","og_url":"https:\/\/solfashionsapataria.pt\/es\/producto\/tenis-homem-40-45\/","og_site_name":"Solfashion Sapataria - Cal\u00e7ado e acess\u00f3rios nos A\u00e7ores","article_modified_time":"2026-04-15T01:17:05+00:00","og_image":[{"width":2400,"height":1800,"url":"https:\/\/solfashionsapataria.pt\/wp-content\/uploads\/2025\/07\/1233416800465-2203611-brancoverde.jpg","type":"image\/jpeg"}],"twitter_card":"summary_large_image","schema":{"@context":"https:\/\/schema.org","@graph":[{"@type":"WebPage","@id":"https:\/\/solfashionsapataria.pt\/es\/producto\/tenis-homem-40-45\/","url":"https:\/\/solfashionsapataria.pt\/es\/producto\/tenis-homem-40-45\/","name":"T\u00e9nis Homem 40\/45 - Solfashion Sapataria - Cal\u00e7ado e acess\u00f3rios nos A\u00e7ores","isPartOf":{"@id":"https:\/\/solfashionsapataria.pt\/#website"},"datePublished":"2025-07-10T01:44:16+00:00","dateModified":"2026-04-15T01:17:05+00:00","breadcrumb":{"@id":"https:\/\/solfashionsapataria.pt\/es\/producto\/tenis-homem-40-45\/#breadcrumb"},"inLanguage":"es","potentialAction":[{"@type":"ReadAction","target":["https:\/\/solfashionsapataria.pt\/es\/producto\/tenis-homem-40-45\/"]}]},{"@type":"BreadcrumbList","@id":"https:\/\/solfashionsapataria.pt\/es\/producto\/tenis-homem-40-45\/#breadcrumb","itemListElement":[{"@type":"ListItem","position":1,"name":"Home","item":"https:\/\/solfashionsapataria.pt\/es\/"},{"@type":"ListItem","position":2,"name":"Tienda en l\u00ednea","item":"https:\/\/solfashionsapataria.pt\/es\/tienda-en-linea\/"},{"@type":"ListItem","position":3,"name":"T\u00e9nis Homem 40\/45"}]},{"@type":"WebSite","@id":"https:\/\/solfashionsapataria.pt\/#website","url":"https:\/\/solfashionsapataria.pt\/","name":"Solfashion Sapataria - Cal\u00e7ado e acess\u00f3rios nos A\u00e7ores","description":"Venta de zapatos y accesorios en Ponta Delgada, Azores","potentialAction":[{"@type":"SearchAction","target":{"@type":"EntryPoint","urlTemplate":"https:\/\/solfashionsapataria.pt\/?s={search_term_string}"},"query-input":"required name=search_term_string"}],"inLanguage":"es"}]}},"_links":{"self":[{"href":"https:\/\/solfashionsapataria.pt\/es\/wp-json\/wp\/v2\/product\/508350","targetHints":{"allow":["GET"]}}],"collection":[{"href":"https:\/\/solfashionsapataria.pt\/es\/wp-json\/wp\/v2\/product"}],"about":[{"href":"https:\/\/solfashionsapataria.pt\/es\/wp-json\/wp\/v2\/types\/product"}],"wp:featuredmedia":[{"embeddable":true,"href":"https:\/\/solfashionsapataria.pt\/es\/wp-json\/wp\/v2\/media\/508332"}],"wp:attachment":[{"href":"https:\/\/solfashionsapataria.pt\/es\/wp-json\/wp\/v2\/media?parent=508350"}],"wp:term":[{"taxonomy":"product_cat","embeddable":true,"href":"https:\/\/solfashionsapataria.pt\/es\/wp-json\/wp\/v2\/product_cat?post=508350"},{"taxonomy":"product_tag","embeddable":true,"href":"https:\/\/solfashionsapataria.pt\/es\/wp-json\/wp\/v2\/product_tag?post=508350"},{"taxonomy":"productos_marcas","embeddable":true,"href":"https:\/\/solfashionsapataria.pt\/es\/wp-json\/wp\/v2\/productos_marcas?post=508350"}],"curies":[{"name":"wp","href":"https:\/\/api.w.org\/{rel}","templated":true}]}}