{"id":654920,"date":"2025-10-25T03:10:36","date_gmt":"2025-10-25T03:10:36","guid":{"rendered":"https:\/\/solfashionsapataria.pt\/produto\/botim-sr-a-casual-36-41\/"},"modified":"2026-04-08T03:15:01","modified_gmt":"2026-04-08T03:15:01","slug":"botim-sr-a-casual-36-41","status":"publish","type":"product","link":"https:\/\/solfashionsapataria.pt\/es\/producto\/botim-sr-a-casual-36-41\/","title":{"rendered":"Botim Sr.\u00aa Casual 36\/41"},"content":{"rendered":"","protected":false},"excerpt":{"rendered":"","protected":false},"featured_media":654910,"template":"","meta":[],"product_cat":[153],"product_tag":[],"productos_marcas":[407],"class_list":{"0":"post-654920","1":"product","2":"type-product","3":"status-publish","4":"has-post-thumbnail","6":"product_cat-zapatos-de-mujer","7":"productos_marcas-daydoc","9":"first","10":"instock","11":"shipping-taxable","12":"purchasable","13":"product-type-variable"},"acf":[],"yoast_head":"<!-- This site is optimized with the Yoast SEO plugin v21.3 - https:\/\/yoast.com\/wordpress\/plugins\/seo\/ -->\n<title>Botim Sr.\u00aa Casual 36\/41 - Solfashion Sapataria - Cal\u00e7ado e acess\u00f3rios nos A\u00e7ores<\/title>\n<meta name=\"robots\" content=\"index, follow, max-snippet:-1, max-image-preview:large, max-video-preview:-1\" \/>\n<link rel=\"canonical\" href=\"https:\/\/solfashionsapataria.pt\/es\/producto\/botim-sr-a-casual-36-41\/\" \/>\n<meta property=\"og:locale\" content=\"es_ES\" \/>\n<meta property=\"og:type\" content=\"article\" \/>\n<meta property=\"og:title\" content=\"Botim Sr.\u00aa Casual 36\/41 - Solfashion Sapataria - Cal\u00e7ado e acess\u00f3rios nos A\u00e7ores\" \/>\n<meta property=\"og:url\" content=\"https:\/\/solfashionsapataria.pt\/es\/producto\/botim-sr-a-casual-36-41\/\" \/>\n<meta property=\"og:site_name\" content=\"Solfashion Sapataria - Cal\u00e7ado e acess\u00f3rios nos A\u00e7ores\" \/>\n<meta property=\"article:modified_time\" content=\"2026-04-08T03:15:01+00:00\" \/>\n<meta property=\"og:image\" content=\"https:\/\/solfashionsapataria.pt\/wp-content\/uploads\/2025\/10\/22517624753270-160-bege.jpg\" \/>\n\t<meta property=\"og:image:width\" content=\"1080\" \/>\n\t<meta property=\"og:image:height\" content=\"1080\" \/>\n\t<meta property=\"og:image:type\" content=\"image\/jpeg\" \/>\n<meta name=\"twitter:card\" content=\"summary_large_image\" \/>\n<script type=\"application\/ld+json\" class=\"yoast-schema-graph\">{\"@context\":\"https:\/\/schema.org\",\"@graph\":[{\"@type\":\"WebPage\",\"@id\":\"https:\/\/solfashionsapataria.pt\/es\/producto\/botim-sr-a-casual-36-41\/\",\"url\":\"https:\/\/solfashionsapataria.pt\/es\/producto\/botim-sr-a-casual-36-41\/\",\"name\":\"Botim Sr.\u00aa Casual 36\/41 - Solfashion Sapataria - Cal\u00e7ado e acess\u00f3rios nos A\u00e7ores\",\"isPartOf\":{\"@id\":\"https:\/\/solfashionsapataria.pt\/#website\"},\"datePublished\":\"2025-10-25T03:10:36+00:00\",\"dateModified\":\"2026-04-08T03:15:01+00:00\",\"breadcrumb\":{\"@id\":\"https:\/\/solfashionsapataria.pt\/es\/producto\/botim-sr-a-casual-36-41\/#breadcrumb\"},\"inLanguage\":\"es\",\"potentialAction\":[{\"@type\":\"ReadAction\",\"target\":[\"https:\/\/solfashionsapataria.pt\/es\/producto\/botim-sr-a-casual-36-41\/\"]}]},{\"@type\":\"BreadcrumbList\",\"@id\":\"https:\/\/solfashionsapataria.pt\/es\/producto\/botim-sr-a-casual-36-41\/#breadcrumb\",\"itemListElement\":[{\"@type\":\"ListItem\",\"position\":1,\"name\":\"Home\",\"item\":\"https:\/\/solfashionsapataria.pt\/es\/\"},{\"@type\":\"ListItem\",\"position\":2,\"name\":\"Tienda en l\u00ednea\",\"item\":\"https:\/\/solfashionsapataria.pt\/es\/tienda-en-linea\/\"},{\"@type\":\"ListItem\",\"position\":3,\"name\":\"Botim Sr.\u00aa Casual 36\/41\"}]},{\"@type\":\"WebSite\",\"@id\":\"https:\/\/solfashionsapataria.pt\/#website\",\"url\":\"https:\/\/solfashionsapataria.pt\/\",\"name\":\"Solfashion Sapataria - Cal\u00e7ado e acess\u00f3rios nos A\u00e7ores\",\"description\":\"Venta de zapatos y accesorios en Ponta Delgada, Azores\",\"potentialAction\":[{\"@type\":\"SearchAction\",\"target\":{\"@type\":\"EntryPoint\",\"urlTemplate\":\"https:\/\/solfashionsapataria.pt\/?s={search_term_string}\"},\"query-input\":\"required name=search_term_string\"}],\"inLanguage\":\"es\"}]}<\/script>\n<!-- \/ Yoast SEO plugin. -->","yoast_head_json":{"title":"Botim Sr.\u00aa Casual 36\/41 - Solfashion Sapataria - Cal\u00e7ado e acess\u00f3rios nos A\u00e7ores","robots":{"index":"index","follow":"follow","max-snippet":"max-snippet:-1","max-image-preview":"max-image-preview:large","max-video-preview":"max-video-preview:-1"},"canonical":"https:\/\/solfashionsapataria.pt\/es\/producto\/botim-sr-a-casual-36-41\/","og_locale":"es_ES","og_type":"article","og_title":"Botim Sr.\u00aa Casual 36\/41 - Solfashion Sapataria - Cal\u00e7ado e acess\u00f3rios nos A\u00e7ores","og_url":"https:\/\/solfashionsapataria.pt\/es\/producto\/botim-sr-a-casual-36-41\/","og_site_name":"Solfashion Sapataria - Cal\u00e7ado e acess\u00f3rios nos A\u00e7ores","article_modified_time":"2026-04-08T03:15:01+00:00","og_image":[{"width":1080,"height":1080,"url":"https:\/\/solfashionsapataria.pt\/wp-content\/uploads\/2025\/10\/22517624753270-160-bege.jpg","type":"image\/jpeg"}],"twitter_card":"summary_large_image","schema":{"@context":"https:\/\/schema.org","@graph":[{"@type":"WebPage","@id":"https:\/\/solfashionsapataria.pt\/es\/producto\/botim-sr-a-casual-36-41\/","url":"https:\/\/solfashionsapataria.pt\/es\/producto\/botim-sr-a-casual-36-41\/","name":"Botim Sr.\u00aa Casual 36\/41 - Solfashion Sapataria - Cal\u00e7ado e acess\u00f3rios nos A\u00e7ores","isPartOf":{"@id":"https:\/\/solfashionsapataria.pt\/#website"},"datePublished":"2025-10-25T03:10:36+00:00","dateModified":"2026-04-08T03:15:01+00:00","breadcrumb":{"@id":"https:\/\/solfashionsapataria.pt\/es\/producto\/botim-sr-a-casual-36-41\/#breadcrumb"},"inLanguage":"es","potentialAction":[{"@type":"ReadAction","target":["https:\/\/solfashionsapataria.pt\/es\/producto\/botim-sr-a-casual-36-41\/"]}]},{"@type":"BreadcrumbList","@id":"https:\/\/solfashionsapataria.pt\/es\/producto\/botim-sr-a-casual-36-41\/#breadcrumb","itemListElement":[{"@type":"ListItem","position":1,"name":"Home","item":"https:\/\/solfashionsapataria.pt\/es\/"},{"@type":"ListItem","position":2,"name":"Tienda en l\u00ednea","item":"https:\/\/solfashionsapataria.pt\/es\/tienda-en-linea\/"},{"@type":"ListItem","position":3,"name":"Botim Sr.\u00aa Casual 36\/41"}]},{"@type":"WebSite","@id":"https:\/\/solfashionsapataria.pt\/#website","url":"https:\/\/solfashionsapataria.pt\/","name":"Solfashion Sapataria - Cal\u00e7ado e acess\u00f3rios nos A\u00e7ores","description":"Venta de zapatos y accesorios en Ponta Delgada, Azores","potentialAction":[{"@type":"SearchAction","target":{"@type":"EntryPoint","urlTemplate":"https:\/\/solfashionsapataria.pt\/?s={search_term_string}"},"query-input":"required name=search_term_string"}],"inLanguage":"es"}]}},"_links":{"self":[{"href":"https:\/\/solfashionsapataria.pt\/es\/wp-json\/wp\/v2\/product\/654920","targetHints":{"allow":["GET"]}}],"collection":[{"href":"https:\/\/solfashionsapataria.pt\/es\/wp-json\/wp\/v2\/product"}],"about":[{"href":"https:\/\/solfashionsapataria.pt\/es\/wp-json\/wp\/v2\/types\/product"}],"wp:featuredmedia":[{"embeddable":true,"href":"https:\/\/solfashionsapataria.pt\/es\/wp-json\/wp\/v2\/media\/654910"}],"wp:attachment":[{"href":"https:\/\/solfashionsapataria.pt\/es\/wp-json\/wp\/v2\/media?parent=654920"}],"wp:term":[{"taxonomy":"product_cat","embeddable":true,"href":"https:\/\/solfashionsapataria.pt\/es\/wp-json\/wp\/v2\/product_cat?post=654920"},{"taxonomy":"product_tag","embeddable":true,"href":"https:\/\/solfashionsapataria.pt\/es\/wp-json\/wp\/v2\/product_tag?post=654920"},{"taxonomy":"productos_marcas","embeddable":true,"href":"https:\/\/solfashionsapataria.pt\/es\/wp-json\/wp\/v2\/productos_marcas?post=654920"}],"curies":[{"name":"wp","href":"https:\/\/api.w.org\/{rel}","templated":true}]}}