{"id":51,"date":"2022-10-20T11:12:11","date_gmt":"2022-10-20T11:12:11","guid":{"rendered":"https:\/\/solfashionsapataria.pt\/mon-compte\/"},"modified":"2023-03-17T11:49:24","modified_gmt":"2023-03-17T11:49:24","slug":"mon-compte-magasin-chaussures-accessoires","status":"publish","type":"page","link":"https:\/\/solfashionsapataria.pt\/fr\/mon-compte-magasin-chaussures-accessoires\/","title":{"rendered":"Mon compte"},"content":{"rendered":"<div class=\"woocommerce\"><\/div>\n","protected":false},"excerpt":{"rendered":"","protected":false},"author":1,"featured_media":0,"parent":0,"menu_order":0,"comment_status":"closed","ping_status":"closed","template":"template-wc-minha-conta.php","meta":{"footnotes":""},"class_list":["post-51","page","type-page","status-publish","hentry"],"acf":[],"yoast_head":"<!-- This site is optimized with the Yoast SEO plugin v21.3 - https:\/\/yoast.com\/wordpress\/plugins\/seo\/ -->\n<title>Magasin de Chaussures et Accessoires - Mon compte - Solfashion<\/title>\n<meta name=\"description\" content=\"Cr\u00e9ez un compte sur notre magasin en ligne de chaussures et s\u00e9curisez toutes vos commandes. Achetez d\u00e8s maintenant vos chaussures id\u00e9ales !\" \/>\n<meta name=\"robots\" content=\"index, follow, max-snippet:-1, max-image-preview:large, max-video-preview:-1\" \/>\n<link rel=\"canonical\" href=\"https:\/\/solfashionsapataria.pt\/fr\/mon-compte-magasin-chaussures-accessoires\/\" \/>\n<meta property=\"og:locale\" content=\"fr_FR\" \/>\n<meta property=\"og:type\" content=\"article\" \/>\n<meta property=\"og:title\" content=\"Magasin de Chaussures et Accessoires - Mon compte - Solfashion\" \/>\n<meta property=\"og:description\" content=\"Cr\u00e9ez un compte sur notre magasin en ligne de chaussures et s\u00e9curisez toutes vos commandes. Achetez d\u00e8s maintenant vos chaussures id\u00e9ales !\" \/>\n<meta property=\"og:url\" content=\"https:\/\/solfashionsapataria.pt\/fr\/mon-compte-magasin-chaussures-accessoires\/\" \/>\n<meta property=\"og:site_name\" content=\"Solfashion Sapataria - Cal\u00e7ado e acess\u00f3rios nos A\u00e7ores\" \/>\n<meta property=\"article:modified_time\" content=\"2023-03-17T11:49:24+00:00\" \/>\n<meta name=\"twitter:card\" content=\"summary_large_image\" \/>\n<meta name=\"twitter:label1\" content=\"Dur\u00e9e de lecture estim\u00e9e\" \/>\n\t<meta name=\"twitter:data1\" content=\"1 minute\" \/>\n<script type=\"application\/ld+json\" class=\"yoast-schema-graph\">{\"@context\":\"https:\/\/schema.org\",\"@graph\":[{\"@type\":\"WebPage\",\"@id\":\"https:\/\/solfashionsapataria.pt\/fr\/mon-compte-magasin-chaussures-accessoires\/\",\"url\":\"https:\/\/solfashionsapataria.pt\/fr\/mon-compte-magasin-chaussures-accessoires\/\",\"name\":\"Magasin de Chaussures et Accessoires - Mon compte - Solfashion\",\"isPartOf\":{\"@id\":\"https:\/\/solfashionsapataria.pt\/#website\"},\"datePublished\":\"2022-10-20T11:12:11+00:00\",\"dateModified\":\"2023-03-17T11:49:24+00:00\",\"description\":\"Cr\u00e9ez un compte sur notre magasin en ligne de chaussures et s\u00e9curisez toutes vos commandes. Achetez d\u00e8s maintenant vos chaussures id\u00e9ales !\",\"breadcrumb\":{\"@id\":\"https:\/\/solfashionsapataria.pt\/fr\/mon-compte-magasin-chaussures-accessoires\/#breadcrumb\"},\"inLanguage\":\"fr-FR\",\"potentialAction\":[{\"@type\":\"ReadAction\",\"target\":[\"https:\/\/solfashionsapataria.pt\/fr\/mon-compte-magasin-chaussures-accessoires\/\"]}]},{\"@type\":\"BreadcrumbList\",\"@id\":\"https:\/\/solfashionsapataria.pt\/fr\/mon-compte-magasin-chaussures-accessoires\/#breadcrumb\",\"itemListElement\":[{\"@type\":\"ListItem\",\"position\":1,\"name\":\"Home\",\"item\":\"https:\/\/solfashionsapataria.pt\/fr\/\"},{\"@type\":\"ListItem\",\"position\":2,\"name\":\"Mon compte\"}]},{\"@type\":\"WebSite\",\"@id\":\"https:\/\/solfashionsapataria.pt\/#website\",\"url\":\"https:\/\/solfashionsapataria.pt\/\",\"name\":\"Solfashion Sapataria - Cal\u00e7ado e acess\u00f3rios nos A\u00e7ores\",\"description\":\"Vente de chaussures et d&#039;accessoires \u00e0 Ponta Delgada, A\u00e7ores\",\"potentialAction\":[{\"@type\":\"SearchAction\",\"target\":{\"@type\":\"EntryPoint\",\"urlTemplate\":\"https:\/\/solfashionsapataria.pt\/?s={search_term_string}\"},\"query-input\":\"required name=search_term_string\"}],\"inLanguage\":\"fr-FR\"}]}<\/script>\n<!-- \/ Yoast SEO plugin. -->","yoast_head_json":{"title":"Magasin de Chaussures et Accessoires - Mon compte - Solfashion","description":"Cr\u00e9ez un compte sur notre magasin en ligne de chaussures et s\u00e9curisez toutes vos commandes. Achetez d\u00e8s maintenant vos chaussures id\u00e9ales !","robots":{"index":"index","follow":"follow","max-snippet":"max-snippet:-1","max-image-preview":"max-image-preview:large","max-video-preview":"max-video-preview:-1"},"canonical":"https:\/\/solfashionsapataria.pt\/fr\/mon-compte-magasin-chaussures-accessoires\/","og_locale":"fr_FR","og_type":"article","og_title":"Magasin de Chaussures et Accessoires - Mon compte - Solfashion","og_description":"Cr\u00e9ez un compte sur notre magasin en ligne de chaussures et s\u00e9curisez toutes vos commandes. Achetez d\u00e8s maintenant vos chaussures id\u00e9ales !","og_url":"https:\/\/solfashionsapataria.pt\/fr\/mon-compte-magasin-chaussures-accessoires\/","og_site_name":"Solfashion Sapataria - Cal\u00e7ado e acess\u00f3rios nos A\u00e7ores","article_modified_time":"2023-03-17T11:49:24+00:00","twitter_card":"summary_large_image","twitter_misc":{"Dur\u00e9e de lecture estim\u00e9e":"1 minute"},"schema":{"@context":"https:\/\/schema.org","@graph":[{"@type":"WebPage","@id":"https:\/\/solfashionsapataria.pt\/fr\/mon-compte-magasin-chaussures-accessoires\/","url":"https:\/\/solfashionsapataria.pt\/fr\/mon-compte-magasin-chaussures-accessoires\/","name":"Magasin de Chaussures et Accessoires - Mon compte - Solfashion","isPartOf":{"@id":"https:\/\/solfashionsapataria.pt\/#website"},"datePublished":"2022-10-20T11:12:11+00:00","dateModified":"2023-03-17T11:49:24+00:00","description":"Cr\u00e9ez un compte sur notre magasin en ligne de chaussures et s\u00e9curisez toutes vos commandes. Achetez d\u00e8s maintenant vos chaussures id\u00e9ales !","breadcrumb":{"@id":"https:\/\/solfashionsapataria.pt\/fr\/mon-compte-magasin-chaussures-accessoires\/#breadcrumb"},"inLanguage":"fr-FR","potentialAction":[{"@type":"ReadAction","target":["https:\/\/solfashionsapataria.pt\/fr\/mon-compte-magasin-chaussures-accessoires\/"]}]},{"@type":"BreadcrumbList","@id":"https:\/\/solfashionsapataria.pt\/fr\/mon-compte-magasin-chaussures-accessoires\/#breadcrumb","itemListElement":[{"@type":"ListItem","position":1,"name":"Home","item":"https:\/\/solfashionsapataria.pt\/fr\/"},{"@type":"ListItem","position":2,"name":"Mon compte"}]},{"@type":"WebSite","@id":"https:\/\/solfashionsapataria.pt\/#website","url":"https:\/\/solfashionsapataria.pt\/","name":"Solfashion Sapataria - Cal\u00e7ado e acess\u00f3rios nos A\u00e7ores","description":"Vente de chaussures et d&#039;accessoires \u00e0 Ponta Delgada, A\u00e7ores","potentialAction":[{"@type":"SearchAction","target":{"@type":"EntryPoint","urlTemplate":"https:\/\/solfashionsapataria.pt\/?s={search_term_string}"},"query-input":"required name=search_term_string"}],"inLanguage":"fr-FR"}]}},"_links":{"self":[{"href":"https:\/\/solfashionsapataria.pt\/fr\/wp-json\/wp\/v2\/pages\/51","targetHints":{"allow":["GET"]}}],"collection":[{"href":"https:\/\/solfashionsapataria.pt\/fr\/wp-json\/wp\/v2\/pages"}],"about":[{"href":"https:\/\/solfashionsapataria.pt\/fr\/wp-json\/wp\/v2\/types\/page"}],"author":[{"embeddable":true,"href":"https:\/\/solfashionsapataria.pt\/fr\/wp-json\/wp\/v2\/users\/1"}],"replies":[{"embeddable":true,"href":"https:\/\/solfashionsapataria.pt\/fr\/wp-json\/wp\/v2\/comments?post=51"}],"version-history":[{"count":1,"href":"https:\/\/solfashionsapataria.pt\/fr\/wp-json\/wp\/v2\/pages\/51\/revisions"}],"predecessor-version":[{"id":296,"href":"https:\/\/solfashionsapataria.pt\/fr\/wp-json\/wp\/v2\/pages\/51\/revisions\/296"}],"wp:attachment":[{"href":"https:\/\/solfashionsapataria.pt\/fr\/wp-json\/wp\/v2\/media?parent=51"}],"curies":[{"name":"wp","href":"https:\/\/api.w.org\/{rel}","templated":true}]}}