{"id":521941,"date":"2025-07-10T05:15:30","date_gmt":"2025-07-10T05:15:30","guid":{"rendered":"https:\/\/solfashionsapataria.pt\/produto\/bota-sr-a-casual-35-41-4\/"},"modified":"2026-04-15T03:03:05","modified_gmt":"2026-04-15T03:03:05","slug":"bota-sr-a-casual-35-41-4","status":"publish","type":"product","link":"https:\/\/solfashionsapataria.pt\/fr\/produit\/bota-sr-a-casual-35-41-4\/","title":{"rendered":"Bota Sr.\u00aa Casual 35\/41"},"content":{"rendered":"","protected":false},"excerpt":{"rendered":"","protected":false},"featured_media":521922,"template":"","meta":[],"product_cat":[151],"product_tag":[],"productos_marcas":[432],"class_list":{"0":"post-521941","1":"product","2":"type-product","3":"status-publish","4":"has-post-thumbnail","6":"product_cat-chaussures-pour-femmes","7":"productos_marcas-dorking","9":"first","10":"instock","11":"shipping-taxable","12":"purchasable","13":"product-type-variable"},"acf":[],"yoast_head":"<!-- This site is optimized with the Yoast SEO plugin v21.3 - https:\/\/yoast.com\/wordpress\/plugins\/seo\/ -->\n<title>Bota Sr.\u00aa Casual 35\/41 - Solfashion Sapataria - Cal\u00e7ado e acess\u00f3rios nos A\u00e7ores<\/title>\n<meta name=\"robots\" content=\"index, follow, max-snippet:-1, max-image-preview:large, max-video-preview:-1\" \/>\n<link rel=\"canonical\" href=\"https:\/\/solfashionsapataria.pt\/fr\/produit\/bota-sr-a-casual-35-41-4\/\" \/>\n<meta property=\"og:locale\" content=\"fr_FR\" \/>\n<meta property=\"og:type\" content=\"article\" \/>\n<meta property=\"og:title\" content=\"Bota Sr.\u00aa Casual 35\/41 - Solfashion Sapataria - Cal\u00e7ado e acess\u00f3rios nos A\u00e7ores\" \/>\n<meta property=\"og:url\" content=\"https:\/\/solfashionsapataria.pt\/fr\/produit\/bota-sr-a-casual-35-41-4\/\" \/>\n<meta property=\"og:site_name\" content=\"Solfashion Sapataria - Cal\u00e7ado e acess\u00f3rios nos A\u00e7ores\" \/>\n<meta property=\"article:modified_time\" content=\"2026-04-15T03:03:05+00:00\" \/>\n<meta property=\"og:image\" content=\"https:\/\/solfashionsapataria.pt\/wp-content\/uploads\/2025\/07\/22420844008093-d8606-bege.jpg\" \/>\n\t<meta property=\"og:image:width\" content=\"2400\" \/>\n\t<meta property=\"og:image:height\" content=\"1800\" \/>\n\t<meta property=\"og:image:type\" content=\"image\/jpeg\" \/>\n<meta name=\"twitter:card\" content=\"summary_large_image\" \/>\n<script type=\"application\/ld+json\" class=\"yoast-schema-graph\">{\"@context\":\"https:\/\/schema.org\",\"@graph\":[{\"@type\":\"WebPage\",\"@id\":\"https:\/\/solfashionsapataria.pt\/fr\/produit\/bota-sr-a-casual-35-41-4\/\",\"url\":\"https:\/\/solfashionsapataria.pt\/fr\/produit\/bota-sr-a-casual-35-41-4\/\",\"name\":\"Bota Sr.\u00aa Casual 35\/41 - Solfashion Sapataria - Cal\u00e7ado e acess\u00f3rios nos A\u00e7ores\",\"isPartOf\":{\"@id\":\"https:\/\/solfashionsapataria.pt\/#website\"},\"datePublished\":\"2025-07-10T05:15:30+00:00\",\"dateModified\":\"2026-04-15T03:03:05+00:00\",\"breadcrumb\":{\"@id\":\"https:\/\/solfashionsapataria.pt\/fr\/produit\/bota-sr-a-casual-35-41-4\/#breadcrumb\"},\"inLanguage\":\"fr-FR\",\"potentialAction\":[{\"@type\":\"ReadAction\",\"target\":[\"https:\/\/solfashionsapataria.pt\/fr\/produit\/bota-sr-a-casual-35-41-4\/\"]}]},{\"@type\":\"BreadcrumbList\",\"@id\":\"https:\/\/solfashionsapataria.pt\/fr\/produit\/bota-sr-a-casual-35-41-4\/#breadcrumb\",\"itemListElement\":[{\"@type\":\"ListItem\",\"position\":1,\"name\":\"Home\",\"item\":\"https:\/\/solfashionsapataria.pt\/fr\/\"},{\"@type\":\"ListItem\",\"position\":2,\"name\":\"Boutique en ligne\",\"item\":\"https:\/\/solfashionsapataria.pt\/fr\/boutique-en-ligne\/\"},{\"@type\":\"ListItem\",\"position\":3,\"name\":\"Bota Sr.\u00aa Casual 35\/41\"}]},{\"@type\":\"WebSite\",\"@id\":\"https:\/\/solfashionsapataria.pt\/#website\",\"url\":\"https:\/\/solfashionsapataria.pt\/\",\"name\":\"Solfashion Sapataria - Cal\u00e7ado e acess\u00f3rios nos A\u00e7ores\",\"description\":\"Vente de chaussures et d&#039;accessoires \u00e0 Ponta Delgada, A\u00e7ores\",\"potentialAction\":[{\"@type\":\"SearchAction\",\"target\":{\"@type\":\"EntryPoint\",\"urlTemplate\":\"https:\/\/solfashionsapataria.pt\/?s={search_term_string}\"},\"query-input\":\"required name=search_term_string\"}],\"inLanguage\":\"fr-FR\"}]}<\/script>\n<!-- \/ Yoast SEO plugin. -->","yoast_head_json":{"title":"Bota Sr.\u00aa Casual 35\/41 - Solfashion Sapataria - Cal\u00e7ado e acess\u00f3rios nos A\u00e7ores","robots":{"index":"index","follow":"follow","max-snippet":"max-snippet:-1","max-image-preview":"max-image-preview:large","max-video-preview":"max-video-preview:-1"},"canonical":"https:\/\/solfashionsapataria.pt\/fr\/produit\/bota-sr-a-casual-35-41-4\/","og_locale":"fr_FR","og_type":"article","og_title":"Bota Sr.\u00aa Casual 35\/41 - Solfashion Sapataria - Cal\u00e7ado e acess\u00f3rios nos A\u00e7ores","og_url":"https:\/\/solfashionsapataria.pt\/fr\/produit\/bota-sr-a-casual-35-41-4\/","og_site_name":"Solfashion Sapataria - Cal\u00e7ado e acess\u00f3rios nos A\u00e7ores","article_modified_time":"2026-04-15T03:03:05+00:00","og_image":[{"width":2400,"height":1800,"url":"https:\/\/solfashionsapataria.pt\/wp-content\/uploads\/2025\/07\/22420844008093-d8606-bege.jpg","type":"image\/jpeg"}],"twitter_card":"summary_large_image","schema":{"@context":"https:\/\/schema.org","@graph":[{"@type":"WebPage","@id":"https:\/\/solfashionsapataria.pt\/fr\/produit\/bota-sr-a-casual-35-41-4\/","url":"https:\/\/solfashionsapataria.pt\/fr\/produit\/bota-sr-a-casual-35-41-4\/","name":"Bota Sr.\u00aa Casual 35\/41 - Solfashion Sapataria - Cal\u00e7ado e acess\u00f3rios nos A\u00e7ores","isPartOf":{"@id":"https:\/\/solfashionsapataria.pt\/#website"},"datePublished":"2025-07-10T05:15:30+00:00","dateModified":"2026-04-15T03:03:05+00:00","breadcrumb":{"@id":"https:\/\/solfashionsapataria.pt\/fr\/produit\/bota-sr-a-casual-35-41-4\/#breadcrumb"},"inLanguage":"fr-FR","potentialAction":[{"@type":"ReadAction","target":["https:\/\/solfashionsapataria.pt\/fr\/produit\/bota-sr-a-casual-35-41-4\/"]}]},{"@type":"BreadcrumbList","@id":"https:\/\/solfashionsapataria.pt\/fr\/produit\/bota-sr-a-casual-35-41-4\/#breadcrumb","itemListElement":[{"@type":"ListItem","position":1,"name":"Home","item":"https:\/\/solfashionsapataria.pt\/fr\/"},{"@type":"ListItem","position":2,"name":"Boutique en ligne","item":"https:\/\/solfashionsapataria.pt\/fr\/boutique-en-ligne\/"},{"@type":"ListItem","position":3,"name":"Bota Sr.\u00aa Casual 35\/41"}]},{"@type":"WebSite","@id":"https:\/\/solfashionsapataria.pt\/#website","url":"https:\/\/solfashionsapataria.pt\/","name":"Solfashion Sapataria - Cal\u00e7ado e acess\u00f3rios nos A\u00e7ores","description":"Vente de chaussures et d&#039;accessoires \u00e0 Ponta Delgada, A\u00e7ores","potentialAction":[{"@type":"SearchAction","target":{"@type":"EntryPoint","urlTemplate":"https:\/\/solfashionsapataria.pt\/?s={search_term_string}"},"query-input":"required name=search_term_string"}],"inLanguage":"fr-FR"}]}},"_links":{"self":[{"href":"https:\/\/solfashionsapataria.pt\/fr\/wp-json\/wp\/v2\/product\/521941","targetHints":{"allow":["GET"]}}],"collection":[{"href":"https:\/\/solfashionsapataria.pt\/fr\/wp-json\/wp\/v2\/product"}],"about":[{"href":"https:\/\/solfashionsapataria.pt\/fr\/wp-json\/wp\/v2\/types\/product"}],"wp:featuredmedia":[{"embeddable":true,"href":"https:\/\/solfashionsapataria.pt\/fr\/wp-json\/wp\/v2\/media\/521922"}],"wp:attachment":[{"href":"https:\/\/solfashionsapataria.pt\/fr\/wp-json\/wp\/v2\/media?parent=521941"}],"wp:term":[{"taxonomy":"product_cat","embeddable":true,"href":"https:\/\/solfashionsapataria.pt\/fr\/wp-json\/wp\/v2\/product_cat?post=521941"},{"taxonomy":"product_tag","embeddable":true,"href":"https:\/\/solfashionsapataria.pt\/fr\/wp-json\/wp\/v2\/product_tag?post=521941"},{"taxonomy":"productos_marcas","embeddable":true,"href":"https:\/\/solfashionsapataria.pt\/fr\/wp-json\/wp\/v2\/productos_marcas?post=521941"}],"curies":[{"name":"wp","href":"https:\/\/api.w.org\/{rel}","templated":true}]}}