{"id":674094,"date":"2025-12-04T04:23:21","date_gmt":"2025-12-04T04:23:21","guid":{"rendered":"https:\/\/solfashionsapataria.pt\/produto\/sapato-casual-rapaz-24-38\/"},"modified":"2026-04-08T03:08:26","modified_gmt":"2026-04-08T03:08:26","slug":"sapato-casual-rapaz-24-38","status":"publish","type":"product","link":"https:\/\/solfashionsapataria.pt\/fr\/produit\/sapato-casual-rapaz-24-38\/","title":{"rendered":"Sapato Casual Rapaz 24\/38"},"content":{"rendered":"","protected":false},"excerpt":{"rendered":"","protected":false},"featured_media":674036,"template":"","meta":[],"product_cat":[363,129],"product_tag":[],"productos_marcas":[409],"class_list":{"0":"post-674094","1":"product","2":"type-product","3":"status-publish","4":"has-post-thumbnail","6":"product_cat-garcon","7":"product_cat-chaussures-pour-enfants","8":"productos_marcas-corsi","10":"first","11":"instock","12":"shipping-taxable","13":"purchasable","14":"product-type-variable"},"acf":[],"yoast_head":"<!-- This site is optimized with the Yoast SEO plugin v21.3 - https:\/\/yoast.com\/wordpress\/plugins\/seo\/ -->\n<title>Sapato Casual Rapaz 24\/38 - Solfashion Sapataria - Cal\u00e7ado e acess\u00f3rios nos A\u00e7ores<\/title>\n<meta name=\"robots\" content=\"index, follow, max-snippet:-1, max-image-preview:large, max-video-preview:-1\" \/>\n<link rel=\"canonical\" href=\"https:\/\/solfashionsapataria.pt\/fr\/produit\/sapato-casual-rapaz-24-38\/\" \/>\n<meta property=\"og:locale\" content=\"fr_FR\" \/>\n<meta property=\"og:type\" content=\"article\" \/>\n<meta property=\"og:title\" content=\"Sapato Casual Rapaz 24\/38 - Solfashion Sapataria - Cal\u00e7ado e acess\u00f3rios nos A\u00e7ores\" \/>\n<meta property=\"og:url\" content=\"https:\/\/solfashionsapataria.pt\/fr\/produit\/sapato-casual-rapaz-24-38\/\" \/>\n<meta property=\"og:site_name\" content=\"Solfashion Sapataria - Cal\u00e7ado e acess\u00f3rios nos A\u00e7ores\" \/>\n<meta property=\"article:modified_time\" content=\"2026-04-08T03:08:26+00:00\" \/>\n<meta property=\"og:image\" content=\"https:\/\/solfashionsapataria.pt\/wp-content\/uploads\/2025\/12\/2245218904346-2042-bege.jpg\" \/>\n\t<meta property=\"og:image:width\" content=\"1080\" \/>\n\t<meta property=\"og:image:height\" content=\"1080\" \/>\n\t<meta property=\"og:image:type\" content=\"image\/jpeg\" \/>\n<meta name=\"twitter:card\" content=\"summary_large_image\" \/>\n<script type=\"application\/ld+json\" class=\"yoast-schema-graph\">{\"@context\":\"https:\/\/schema.org\",\"@graph\":[{\"@type\":\"WebPage\",\"@id\":\"https:\/\/solfashionsapataria.pt\/fr\/produit\/sapato-casual-rapaz-24-38\/\",\"url\":\"https:\/\/solfashionsapataria.pt\/fr\/produit\/sapato-casual-rapaz-24-38\/\",\"name\":\"Sapato Casual Rapaz 24\/38 - Solfashion Sapataria - Cal\u00e7ado e acess\u00f3rios nos A\u00e7ores\",\"isPartOf\":{\"@id\":\"https:\/\/solfashionsapataria.pt\/#website\"},\"datePublished\":\"2025-12-04T04:23:21+00:00\",\"dateModified\":\"2026-04-08T03:08:26+00:00\",\"breadcrumb\":{\"@id\":\"https:\/\/solfashionsapataria.pt\/fr\/produit\/sapato-casual-rapaz-24-38\/#breadcrumb\"},\"inLanguage\":\"fr-FR\",\"potentialAction\":[{\"@type\":\"ReadAction\",\"target\":[\"https:\/\/solfashionsapataria.pt\/fr\/produit\/sapato-casual-rapaz-24-38\/\"]}]},{\"@type\":\"BreadcrumbList\",\"@id\":\"https:\/\/solfashionsapataria.pt\/fr\/produit\/sapato-casual-rapaz-24-38\/#breadcrumb\",\"itemListElement\":[{\"@type\":\"ListItem\",\"position\":1,\"name\":\"Home\",\"item\":\"https:\/\/solfashionsapataria.pt\/fr\/\"},{\"@type\":\"ListItem\",\"position\":2,\"name\":\"Boutique en ligne\",\"item\":\"https:\/\/solfashionsapataria.pt\/fr\/boutique-en-ligne\/\"},{\"@type\":\"ListItem\",\"position\":3,\"name\":\"Sapato Casual Rapaz 24\/38\"}]},{\"@type\":\"WebSite\",\"@id\":\"https:\/\/solfashionsapataria.pt\/#website\",\"url\":\"https:\/\/solfashionsapataria.pt\/\",\"name\":\"Solfashion Sapataria - Cal\u00e7ado e acess\u00f3rios nos A\u00e7ores\",\"description\":\"Vente de chaussures et d&#039;accessoires \u00e0 Ponta Delgada, A\u00e7ores\",\"potentialAction\":[{\"@type\":\"SearchAction\",\"target\":{\"@type\":\"EntryPoint\",\"urlTemplate\":\"https:\/\/solfashionsapataria.pt\/?s={search_term_string}\"},\"query-input\":\"required name=search_term_string\"}],\"inLanguage\":\"fr-FR\"}]}<\/script>\n<!-- \/ Yoast SEO plugin. -->","yoast_head_json":{"title":"Sapato Casual Rapaz 24\/38 - Solfashion Sapataria - Cal\u00e7ado e acess\u00f3rios nos A\u00e7ores","robots":{"index":"index","follow":"follow","max-snippet":"max-snippet:-1","max-image-preview":"max-image-preview:large","max-video-preview":"max-video-preview:-1"},"canonical":"https:\/\/solfashionsapataria.pt\/fr\/produit\/sapato-casual-rapaz-24-38\/","og_locale":"fr_FR","og_type":"article","og_title":"Sapato Casual Rapaz 24\/38 - Solfashion Sapataria - Cal\u00e7ado e acess\u00f3rios nos A\u00e7ores","og_url":"https:\/\/solfashionsapataria.pt\/fr\/produit\/sapato-casual-rapaz-24-38\/","og_site_name":"Solfashion Sapataria - Cal\u00e7ado e acess\u00f3rios nos A\u00e7ores","article_modified_time":"2026-04-08T03:08:26+00:00","og_image":[{"width":1080,"height":1080,"url":"https:\/\/solfashionsapataria.pt\/wp-content\/uploads\/2025\/12\/2245218904346-2042-bege.jpg","type":"image\/jpeg"}],"twitter_card":"summary_large_image","schema":{"@context":"https:\/\/schema.org","@graph":[{"@type":"WebPage","@id":"https:\/\/solfashionsapataria.pt\/fr\/produit\/sapato-casual-rapaz-24-38\/","url":"https:\/\/solfashionsapataria.pt\/fr\/produit\/sapato-casual-rapaz-24-38\/","name":"Sapato Casual Rapaz 24\/38 - Solfashion Sapataria - Cal\u00e7ado e acess\u00f3rios nos A\u00e7ores","isPartOf":{"@id":"https:\/\/solfashionsapataria.pt\/#website"},"datePublished":"2025-12-04T04:23:21+00:00","dateModified":"2026-04-08T03:08:26+00:00","breadcrumb":{"@id":"https:\/\/solfashionsapataria.pt\/fr\/produit\/sapato-casual-rapaz-24-38\/#breadcrumb"},"inLanguage":"fr-FR","potentialAction":[{"@type":"ReadAction","target":["https:\/\/solfashionsapataria.pt\/fr\/produit\/sapato-casual-rapaz-24-38\/"]}]},{"@type":"BreadcrumbList","@id":"https:\/\/solfashionsapataria.pt\/fr\/produit\/sapato-casual-rapaz-24-38\/#breadcrumb","itemListElement":[{"@type":"ListItem","position":1,"name":"Home","item":"https:\/\/solfashionsapataria.pt\/fr\/"},{"@type":"ListItem","position":2,"name":"Boutique en ligne","item":"https:\/\/solfashionsapataria.pt\/fr\/boutique-en-ligne\/"},{"@type":"ListItem","position":3,"name":"Sapato Casual Rapaz 24\/38"}]},{"@type":"WebSite","@id":"https:\/\/solfashionsapataria.pt\/#website","url":"https:\/\/solfashionsapataria.pt\/","name":"Solfashion Sapataria - Cal\u00e7ado e acess\u00f3rios nos A\u00e7ores","description":"Vente de chaussures et d&#039;accessoires \u00e0 Ponta Delgada, A\u00e7ores","potentialAction":[{"@type":"SearchAction","target":{"@type":"EntryPoint","urlTemplate":"https:\/\/solfashionsapataria.pt\/?s={search_term_string}"},"query-input":"required name=search_term_string"}],"inLanguage":"fr-FR"}]}},"_links":{"self":[{"href":"https:\/\/solfashionsapataria.pt\/fr\/wp-json\/wp\/v2\/product\/674094","targetHints":{"allow":["GET"]}}],"collection":[{"href":"https:\/\/solfashionsapataria.pt\/fr\/wp-json\/wp\/v2\/product"}],"about":[{"href":"https:\/\/solfashionsapataria.pt\/fr\/wp-json\/wp\/v2\/types\/product"}],"wp:featuredmedia":[{"embeddable":true,"href":"https:\/\/solfashionsapataria.pt\/fr\/wp-json\/wp\/v2\/media\/674036"}],"wp:attachment":[{"href":"https:\/\/solfashionsapataria.pt\/fr\/wp-json\/wp\/v2\/media?parent=674094"}],"wp:term":[{"taxonomy":"product_cat","embeddable":true,"href":"https:\/\/solfashionsapataria.pt\/fr\/wp-json\/wp\/v2\/product_cat?post=674094"},{"taxonomy":"product_tag","embeddable":true,"href":"https:\/\/solfashionsapataria.pt\/fr\/wp-json\/wp\/v2\/product_tag?post=674094"},{"taxonomy":"productos_marcas","embeddable":true,"href":"https:\/\/solfashionsapataria.pt\/fr\/wp-json\/wp\/v2\/productos_marcas?post=674094"}],"curies":[{"name":"wp","href":"https:\/\/api.w.org\/{rel}","templated":true}]}}